{"id":78,"date":"2022-02-21T14:29:13","date_gmt":"2022-02-21T13:29:13","guid":{"rendered":"https:\/\/canal.ugr.es\/UGR2031\/?page_id=78"},"modified":"2022-04-28T17:59:48","modified_gmt":"2022-04-28T15:59:48","slug":"principios-orientadores","status":"publish","type":"page","link":"https:\/\/canal.ugr.es\/UGR2031\/principios-orientadores\/","title":{"rendered":"Principios orientadores"},"content":{"rendered":"\n<div class=\"wp-block-columns is-layout-flex wp-container-core-columns-is-layout-9d6595d7 wp-block-columns-is-layout-flex\">\n<div class=\"wp-block-column is-layout-flow wp-block-column-is-layout-flow\" style=\"flex-basis:100%\">\n<p class=\"has-drop-cap has-ast-global-color-0-color has-text-color\">1.<\/p>\n\n\n\n<p><strong><strong><strong><strong><strong><strong> <strong>Una Universidad<\/strong> <strong>que aprenda, abierta al conocimiento<\/strong> <strong>y al debate.<\/strong><\/strong><\/strong><\/strong><\/strong><\/strong><\/strong> El conocimiento acumulado es la materia prima imprescindible para seguir mejorando en los procesos b\u00e1sicos de la Universidad, la docencia, la investigaci\u00f3n e innovaci\u00f3n y la transferencia a la sociedad. Una Universidad viva es aquella que est\u00e1 inmersa en un proceso de continuo aprendizaje, que est\u00e1 abierta a nuevas ideas y procedimientos fruto de la innovaci\u00f3n y el avance del conocimiento, que tiene sus estructuras adaptadas al cambio continuo y que trata de vencer las inercias y resistencias corporativas.<\/p>\n<\/div>\n<\/div>\n\n\n\n<div style=\"height:7vw\" aria-hidden=\"true\" class=\"wp-block-spacer\"><\/div>\n\n\n\n<div class=\"wp-block-columns is-layout-flex wp-container-core-columns-is-layout-9d6595d7 wp-block-columns-is-layout-flex\">\n<div class=\"wp-block-column nodisplay is-layout-flow wp-block-column-is-layout-flow\" style=\"flex-basis:20%\"><\/div>\n\n\n\n<div class=\"wp-block-column is-layout-flow wp-block-column-is-layout-flow\" style=\"flex-basis:80%\">\n<p class=\"has-drop-cap has-ast-global-color-0-color has-text-color\">2.<\/p>\n\n\n\n<p><strong><strong>Una Universidad que impulse procesos de transformaci\u00f3n social, cultural y econ\u00f3mica.<\/strong><\/strong> La Universidad debe ser un motor de desarrollo sostenible que contribuya a la cohesi\u00f3n social y a la igualdad de oportunidades entre las personas. Debe ser capaz de anticiparse a los nuevos desarrollos tecnol\u00f3gicos y a la globalizaci\u00f3n de la econom\u00eda que plantear\u00e1n importantes retos y oportunidades. La complejidad de este entorno requiere que la Universidad trabaje de manera colaborativa con otros actores del entorno, aunando fuerzas y generando sinergias para liderar la respuesta al cambio. La Universidad de Granada tiene un compromiso inequ\u00edvoco con la cultura y el patrimonio, tal y como se ha puesto de manifiesto en el gran n\u00famero de actuaciones que se han venido realizando a lo largo de los a\u00f1os, y que constituyen una referencia no solo para nuestra instituci\u00f3n sino tambi\u00e9n para la ciudad y la provincia de Granada. La Universidad debe generar v\u00ednculos estrechos con otras instituciones del entorno y plantear estrategias conjuntas de cara a la celebraci\u00f3n del V Centenario de la instituci\u00f3n.<\/p>\n<\/div>\n<\/div>\n\n\n\n<div style=\"height:7vw\" aria-hidden=\"true\" class=\"wp-block-spacer\"><\/div>\n\n\n\n<div class=\"wp-block-columns is-layout-flex wp-container-core-columns-is-layout-9d6595d7 wp-block-columns-is-layout-flex\">\n<div class=\"wp-block-column is-layout-flow wp-block-column-is-layout-flow\" style=\"flex-basis:100%\">\n<p class=\"has-drop-cap has-ast-global-color-0-color has-text-color\"><strong><strong><strong><strong><strong><strong>3. <\/strong><\/strong><\/strong><\/strong><\/strong><\/strong><\/p>\n\n\n\n<p><strong><strong>Una Universidad comprometida con su entorno y con los objetivos de desarrollo sostenible.<\/strong><\/strong> La educaci\u00f3n superior debe no solo proporcionar competencias s\u00f3lidas para poder desempe\u00f1arse con \u00e9xito en el mundo actual, sino que adem\u00e1s ha de contribuir a la formaci\u00f3n de ciudadanos dotados de principios \u00e9ticos, comprometidos con la construcci\u00f3n de la paz, la defensa de los derechos humanos y los valores de la democracia. La Universidad debe liderar el cambio social en lo referente a la igualdad de g\u00e9nero, el acceso a la educaci\u00f3n, la inclusi\u00f3n, la accesibilidad, la sostenibilidad medioambiental y la lucha contra el cambio clim\u00e1tico y sus efectos. Debe aportar e integrar en sus funciones b\u00e1sicas principios \u00e9ticos, de buen gobierno y de compromiso social. Adem\u00e1s, debe ser capaz de integrar los Objetivos de Desarrollo Sostenible (ODS) en la pol\u00edtica universitaria y en todas sus actividades: formaci\u00f3n, investigaci\u00f3n, transferencia, gesti\u00f3n, extensi\u00f3n y servicio a la sociedad.<\/p>\n<\/div>\n<\/div>\n\n\n\n<div style=\"height:7vw\" aria-hidden=\"true\" class=\"wp-block-spacer\"><\/div>\n\n\n\n<div class=\"wp-block-columns is-layout-flex wp-container-core-columns-is-layout-9d6595d7 wp-block-columns-is-layout-flex\">\n<div class=\"wp-block-column nodisplay is-layout-flow wp-block-column-is-layout-flow\" style=\"flex-basis:20%\"><\/div>\n\n\n\n<div class=\"wp-block-column is-layout-flow wp-block-column-is-layout-flow\" style=\"flex-basis:80%\">\n<p class=\"has-drop-cap has-ast-global-color-0-color has-text-color\">4.<\/p>\n\n\n\n<p><strong><strong>Una Universidad para las personas e inclusiva.<\/strong><\/strong> La Universidad ha de contribuir a ampliar el rango de oportunidades de las personas y ayudarlas a crecer en lo profesional y en lo personal. Tiene la responsabilidad de formar a las nuevas generaciones en los valores de respeto a la diversidad y la inclusi\u00f3n, la cultura de la solidaridad, el cuidado del medioambiente y el desarrollo humano. La Universidad debe favorecer espacios formativos que fomenten el desarrollo de un entorno cr\u00edtico, transformador y colaborativo entre las personas. La gesti\u00f3n universitaria ha de estar orientada hacia y para las personas y centrada en el establecimiento de un marco de condiciones laborales y de vida universitaria que posibiliten un desarrollo estable y adecuado de la carrera profesional, la conciliaci\u00f3n de la vida laboral y familiar y un entorno favorable para la formaci\u00f3n y el aprendizaje.<\/p>\n<\/div>\n<\/div>\n\n\n\n<div style=\"height:7vw\" aria-hidden=\"true\" class=\"wp-block-spacer\"><\/div>\n\n\n\n<div class=\"wp-block-columns is-layout-flex wp-container-core-columns-is-layout-9d6595d7 wp-block-columns-is-layout-flex\">\n<div class=\"wp-block-column is-layout-flow wp-block-column-is-layout-flow\" style=\"flex-basis:100%\">\n<p class=\"has-drop-cap has-ast-global-color-0-color has-text-color\">5.<\/p>\n\n\n\n<p><strong><strong>Una Universidad centrada en el liderazgo y la excelencia.<\/strong><\/strong> La Universidad debe apostar por el liderazgo en todos sus \u00e1mbitos de actuaci\u00f3n la docencia, la investigaci\u00f3n, la transferencia de conocimiento y la generaci\u00f3n de cultura como v\u00eda para hacer avanzar la sociedad y poder abordar los grandes retos globales de futuro. La Universidad de Granada tienen un compromiso claro e inequ\u00edvoco con la excelencia de la docencia sobre la base de la coordinaci\u00f3n y optimizaci\u00f3n de todos los procesos relacionados con la gesti\u00f3n acad\u00e9mica y administrativa y con la rendici\u00f3n de cuentas del proceso de aprendizaje. La excelencia en investigaci\u00f3n es nuestra se\u00f1a de identidad de cara a la generaci\u00f3n y transferencia de conocimiento que contribuya al desarrollo, progreso y bienestar social. La Universidad debe esforzarse por mantener la posici\u00f3n de liderazgo en el \u00e1mbito internacional, centrada en Europa y abierta al mundo y seguir desempe\u00f1ando su liderazgo social en el entorno y su capacidad de ser agente de generaci\u00f3n y dinamizaci\u00f3n de cultura.<\/p>\n<\/div>\n<\/div>\n\n\n\n<div style=\"height:7vw\" aria-hidden=\"true\" class=\"wp-block-spacer\"><\/div>\n\n\n\n<div class=\"wp-block-columns is-layout-flex wp-container-core-columns-is-layout-9d6595d7 wp-block-columns-is-layout-flex\">\n<div class=\"wp-block-column nodisplay is-layout-flow wp-block-column-is-layout-flow\" style=\"flex-basis:20%\"><\/div>\n\n\n\n<div class=\"wp-block-column is-layout-flow wp-block-column-is-layout-flow\" style=\"flex-basis:80%\">\n<p class=\"has-drop-cap has-ast-global-color-0-color has-text-color\">6.<\/p>\n\n\n\n<p><strong><strong>Una Universidad consciente de su tradici\u00f3n y de su importancia hist\u00f3rica.<\/strong><\/strong> Una Universidad casi cinco veces centenaria debe ser consciente de lo que representa para la sociedad, debe conocer y transmitir sus valores tradicionales y la importancia de su bagaje hist\u00f3rico en el avance del conocimiento cient\u00edfico y en el desarrollo socioecon\u00f3mico. La Universidad de Granada debe ser capaz de construir su futuro teniendo muy presente su pasado, su identidad colectiva y sus valores culturales.<\/p>\n<\/div>\n<\/div>\n\n\n\n<div style=\"height:7vw\" aria-hidden=\"true\" class=\"wp-block-spacer\"><\/div>\n\n\n\n<div class=\"wp-block-columns is-layout-flex wp-container-core-columns-is-layout-9d6595d7 wp-block-columns-is-layout-flex\">\n<div class=\"wp-block-column is-layout-flow wp-block-column-is-layout-flow\" style=\"flex-basis:100%\">\n<p class=\"has-drop-cap has-ast-global-color-0-color has-text-color\">7.<\/p>\n\n\n\n<p><strong>Una Universidad orgullosa de s\u00ed misma, que refuerce el sentimiento de pertenencia de las personas que forman parte de la comunidad universitaria.<\/strong> Nuestra tradici\u00f3n hist\u00f3rica junto con nuestro liderazgo y prestigio como instituci\u00f3n de educaci\u00f3n superior nacional e internacional deben servir de impulso para aumentar el orgullo de pertenencia a la instituci\u00f3n. Una Universidad inteligente es aquella que refuerza el sentimiento de pertenencia de sus miembros y busca su compromiso e implicaci\u00f3n en la consecuci\u00f3n de unos objetivos comunes.<\/p>\n<\/div>\n<\/div>\n","protected":false},"excerpt":{"rendered":"<p>De acuerdo a los valores presentes en nuestra instituci\u00f3n, resultado de nuestra historia y nuestra identidad, los siguientes principios constituyen la base de partida de este Plan Estrat\u00e9gico.<\/p>\n","protected":false},"author":1,"featured_media":4026,"parent":0,"menu_order":2,"comment_status":"closed","ping_status":"closed","template":"","meta":{"site-sidebar-layout":"default","site-content-layout":"default","ast-main-header-display":"","ast-hfb-above-header-display":"","ast-hfb-below-header-display":"","ast-hfb-mobile-header-display":"","site-post-title":"","ast-breadcrumbs-content":"","ast-featured-img":"","footer-sml-layout":"","theme-transparent-header-meta":"","adv-header-id-meta":"","stick-header-meta":"","header-above-stick-meta":"","header-main-stick-meta":"","header-below-stick-meta":"","footnotes":""},"eje":[],"class_list":["post-78","page","type-page","status-publish","has-post-thumbnail","hentry"],"yoast_head":"<!-- This site is optimized with the Yoast SEO plugin v18.9 - https:\/\/yoast.com\/wordpress\/plugins\/seo\/ -->\n<title>Principios orientadores - Plan Estrat\u00e9gico UGR 2031<\/title>\n<meta name=\"robots\" content=\"index, follow, max-snippet:-1, max-image-preview:large, max-video-preview:-1\" \/>\n<link rel=\"canonical\" href=\"https:\/\/canal.ugr.es\/UGR2031\/principios-orientadores\/\" \/>\n<meta property=\"og:locale\" content=\"es_ES\" \/>\n<meta property=\"og:type\" content=\"article\" \/>\n<meta property=\"og:title\" content=\"Principios orientadores - Plan Estrat\u00e9gico UGR 2031\" \/>\n<meta property=\"og:description\" content=\"De acuerdo a los valores presentes en nuestra instituci\u00f3n, resultado de nuestra historia y nuestra identidad, los siguientes principios constituyen la base de partida de este Plan Estrat\u00e9gico.\" \/>\n<meta property=\"og:url\" content=\"https:\/\/canal.ugr.es\/UGR2031\/principios-orientadores\/\" \/>\n<meta property=\"og:site_name\" content=\"Plan Estrat\u00e9gico UGR 2031\" \/>\n<meta property=\"article:modified_time\" content=\"2022-04-28T15:59:48+00:00\" \/>\n<meta property=\"og:image\" content=\"https:\/\/canal.ugr.es\/UGR2031\/wp-content\/uploads\/2022\/04\/principios_orientadores.jpg\" \/>\n\t<meta property=\"og:image:width\" content=\"1024\" \/>\n\t<meta property=\"og:image:height\" content=\"683\" \/>\n\t<meta property=\"og:image:type\" content=\"image\/jpeg\" \/>\n<meta name=\"twitter:card\" content=\"summary_large_image\" \/>\n<meta name=\"twitter:label1\" content=\"Tiempo de lectura\" \/>\n\t<meta name=\"twitter:data1\" content=\"5 minutos\" \/>\n<script type=\"application\/ld+json\" class=\"yoast-schema-graph\">{\"@context\":\"https:\/\/schema.org\",\"@graph\":[{\"@type\":\"WebSite\",\"@id\":\"https:\/\/canal.ugr.es\/UGR2031\/#website\",\"url\":\"https:\/\/canal.ugr.es\/UGR2031\/\",\"name\":\"Plan Estrat\u00e9gico UGR 2031\",\"description\":\"Plan estrat\u00e9gico 2031 de la Universidad de Granada\",\"potentialAction\":[{\"@type\":\"SearchAction\",\"target\":{\"@type\":\"EntryPoint\",\"urlTemplate\":\"https:\/\/canal.ugr.es\/UGR2031\/?s={search_term_string}\"},\"query-input\":\"required name=search_term_string\"}],\"inLanguage\":\"es\"},{\"@type\":\"ImageObject\",\"inLanguage\":\"es\",\"@id\":\"https:\/\/canal.ugr.es\/UGR2031\/principios-orientadores\/#primaryimage\",\"url\":\"https:\/\/canal.ugr.es\/UGR2031\/wp-content\/uploads\/2022\/04\/principios_orientadores.jpg\",\"contentUrl\":\"https:\/\/canal.ugr.es\/UGR2031\/wp-content\/uploads\/2022\/04\/principios_orientadores.jpg\",\"width\":1024,\"height\":683,\"caption\":\"Principios orientadores\"},{\"@type\":\"WebPage\",\"@id\":\"https:\/\/canal.ugr.es\/UGR2031\/principios-orientadores\/#webpage\",\"url\":\"https:\/\/canal.ugr.es\/UGR2031\/principios-orientadores\/\",\"name\":\"Principios orientadores - Plan Estrat\u00e9gico UGR 2031\",\"isPartOf\":{\"@id\":\"https:\/\/canal.ugr.es\/UGR2031\/#website\"},\"primaryImageOfPage\":{\"@id\":\"https:\/\/canal.ugr.es\/UGR2031\/principios-orientadores\/#primaryimage\"},\"datePublished\":\"2022-02-21T13:29:13+00:00\",\"dateModified\":\"2022-04-28T15:59:48+00:00\",\"breadcrumb\":{\"@id\":\"https:\/\/canal.ugr.es\/UGR2031\/principios-orientadores\/#breadcrumb\"},\"inLanguage\":\"es\",\"potentialAction\":[{\"@type\":\"ReadAction\",\"target\":[\"https:\/\/canal.ugr.es\/UGR2031\/principios-orientadores\/\"]}]},{\"@type\":\"BreadcrumbList\",\"@id\":\"https:\/\/canal.ugr.es\/UGR2031\/principios-orientadores\/#breadcrumb\",\"itemListElement\":[{\"@type\":\"ListItem\",\"position\":1,\"name\":\"Portada\",\"item\":\"https:\/\/canal.ugr.es\/UGR2031\/\"},{\"@type\":\"ListItem\",\"position\":2,\"name\":\"Principios orientadores\"}]}]}<\/script>\n<!-- \/ Yoast SEO plugin. -->","yoast_head_json":{"title":"Principios orientadores - Plan Estrat\u00e9gico UGR 2031","robots":{"index":"index","follow":"follow","max-snippet":"max-snippet:-1","max-image-preview":"max-image-preview:large","max-video-preview":"max-video-preview:-1"},"canonical":"https:\/\/canal.ugr.es\/UGR2031\/principios-orientadores\/","og_locale":"es_ES","og_type":"article","og_title":"Principios orientadores - Plan Estrat\u00e9gico UGR 2031","og_description":"De acuerdo a los valores presentes en nuestra instituci\u00f3n, resultado de nuestra historia y nuestra identidad, los siguientes principios constituyen la base de partida de este Plan Estrat\u00e9gico.","og_url":"https:\/\/canal.ugr.es\/UGR2031\/principios-orientadores\/","og_site_name":"Plan Estrat\u00e9gico UGR 2031","article_modified_time":"2022-04-28T15:59:48+00:00","og_image":[{"width":1024,"height":683,"url":"https:\/\/canal.ugr.es\/UGR2031\/wp-content\/uploads\/2022\/04\/principios_orientadores.jpg","type":"image\/jpeg"}],"twitter_card":"summary_large_image","twitter_misc":{"Tiempo de lectura":"5 minutos"},"schema":{"@context":"https:\/\/schema.org","@graph":[{"@type":"WebSite","@id":"https:\/\/canal.ugr.es\/UGR2031\/#website","url":"https:\/\/canal.ugr.es\/UGR2031\/","name":"Plan Estrat\u00e9gico UGR 2031","description":"Plan estrat\u00e9gico 2031 de la Universidad de Granada","potentialAction":[{"@type":"SearchAction","target":{"@type":"EntryPoint","urlTemplate":"https:\/\/canal.ugr.es\/UGR2031\/?s={search_term_string}"},"query-input":"required name=search_term_string"}],"inLanguage":"es"},{"@type":"ImageObject","inLanguage":"es","@id":"https:\/\/canal.ugr.es\/UGR2031\/principios-orientadores\/#primaryimage","url":"https:\/\/canal.ugr.es\/UGR2031\/wp-content\/uploads\/2022\/04\/principios_orientadores.jpg","contentUrl":"https:\/\/canal.ugr.es\/UGR2031\/wp-content\/uploads\/2022\/04\/principios_orientadores.jpg","width":1024,"height":683,"caption":"Principios orientadores"},{"@type":"WebPage","@id":"https:\/\/canal.ugr.es\/UGR2031\/principios-orientadores\/#webpage","url":"https:\/\/canal.ugr.es\/UGR2031\/principios-orientadores\/","name":"Principios orientadores - Plan Estrat\u00e9gico UGR 2031","isPartOf":{"@id":"https:\/\/canal.ugr.es\/UGR2031\/#website"},"primaryImageOfPage":{"@id":"https:\/\/canal.ugr.es\/UGR2031\/principios-orientadores\/#primaryimage"},"datePublished":"2022-02-21T13:29:13+00:00","dateModified":"2022-04-28T15:59:48+00:00","breadcrumb":{"@id":"https:\/\/canal.ugr.es\/UGR2031\/principios-orientadores\/#breadcrumb"},"inLanguage":"es","potentialAction":[{"@type":"ReadAction","target":["https:\/\/canal.ugr.es\/UGR2031\/principios-orientadores\/"]}]},{"@type":"BreadcrumbList","@id":"https:\/\/canal.ugr.es\/UGR2031\/principios-orientadores\/#breadcrumb","itemListElement":[{"@type":"ListItem","position":1,"name":"Portada","item":"https:\/\/canal.ugr.es\/UGR2031\/"},{"@type":"ListItem","position":2,"name":"Principios orientadores"}]}]}},"_links":{"self":[{"href":"https:\/\/canal.ugr.es\/UGR2031\/wp-json\/wp\/v2\/pages\/78","targetHints":{"allow":["GET"]}}],"collection":[{"href":"https:\/\/canal.ugr.es\/UGR2031\/wp-json\/wp\/v2\/pages"}],"about":[{"href":"https:\/\/canal.ugr.es\/UGR2031\/wp-json\/wp\/v2\/types\/page"}],"author":[{"embeddable":true,"href":"https:\/\/canal.ugr.es\/UGR2031\/wp-json\/wp\/v2\/users\/1"}],"replies":[{"embeddable":true,"href":"https:\/\/canal.ugr.es\/UGR2031\/wp-json\/wp\/v2\/comments?post=78"}],"version-history":[{"count":112,"href":"https:\/\/canal.ugr.es\/UGR2031\/wp-json\/wp\/v2\/pages\/78\/revisions"}],"predecessor-version":[{"id":6596,"href":"https:\/\/canal.ugr.es\/UGR2031\/wp-json\/wp\/v2\/pages\/78\/revisions\/6596"}],"wp:featuredmedia":[{"embeddable":true,"href":"https:\/\/canal.ugr.es\/UGR2031\/wp-json\/wp\/v2\/media\/4026"}],"wp:attachment":[{"href":"https:\/\/canal.ugr.es\/UGR2031\/wp-json\/wp\/v2\/media?parent=78"}],"wp:term":[{"taxonomy":"eje","embeddable":true,"href":"https:\/\/canal.ugr.es\/UGR2031\/wp-json\/wp\/v2\/eje?post=78"}],"curies":[{"name":"wp","href":"https:\/\/api.w.org\/{rel}","templated":true}]}}