{"id":657,"date":"2022-02-23T11:36:15","date_gmt":"2022-02-23T10:36:15","guid":{"rendered":"https:\/\/canal.ugr.es\/UGR2031\/?page_id=657"},"modified":"2022-04-28T17:47:04","modified_gmt":"2022-04-28T15:47:04","slug":"seguimiento-y-control","status":"publish","type":"page","link":"https:\/\/canal.ugr.es\/UGR2031\/seguimiento-y-control\/","title":{"rendered":"Seguimiento y control"},"content":{"rendered":"\n<p>La puesta en marcha de las propuestas contenidas en este documento deber\u00e1 llevarse a cabo a trav\u00e9s de los sucesivos planes directores anuales o bianuales que desarrollen los diferentes equipos de gobierno, as\u00ed como los planes directores y estrategias de los propios Centros, unidades y servicios, as\u00ed como la Pol\u00edtica de Calidad de la instituci\u00f3n; todos ellos perfectamente alineados con los ejes y l\u00edneas estrat\u00e9gicas del Plan. Estos planes directores, con un car\u00e1cter m\u00e1s operativo y ejecutivo, definir\u00e1n los objetivos y acciones espec\u00edficas a desarrollar m\u00e1s a corto plazo, as\u00ed como los indicadores de seguimiento que permitir\u00e1n evaluar el grado de cumplimiento de dichos objetivos y acciones y, por ende, hacer un seguimiento progresivo a lo largo del tiempo del nivel de logro alcanzado con la implementaci\u00f3n del Plan Estrat\u00e9gico.<\/p>\n\n\n\n<div style=\"height:7vw\" aria-hidden=\"true\" class=\"wp-block-spacer\"><\/div>\n\n\n\n<div class=\"wp-block-columns is-layout-flex wp-container-core-columns-is-layout-9d6595d7 wp-block-columns-is-layout-flex\">\n<div class=\"wp-block-column nodisplay is-layout-flow wp-block-column-is-layout-flow\" style=\"flex-basis:20%\"><\/div>\n\n\n\n<div class=\"wp-block-column is-layout-flow wp-block-column-is-layout-flow\" style=\"flex-basis:80%\">\n<p>Este documento no nace con la idea de permanecer inalterable en la pr\u00f3xima d\u00e9cada, sino que siguiendo el mismo esp\u00edritu que ha guiado su elaboraci\u00f3n ser\u00e1 monitorizado para implementar acciones de actualizaci\u00f3n y mejora que resulten de la evaluaci\u00f3n peri\u00f3dica del mismo, bajo los principios de participaci\u00f3n y transparencia. Ser\u00e1 el Consejo de Gobierno, como \u00f3rgano competente para establecer las l\u00edneas estrat\u00e9gicas de la instituci\u00f3n y las directrices para su aplicaci\u00f3n, quien establezca el procedimiento y el \u00f3rgano encargado del seguimiento y actualizaci\u00f3n del Plan Estrat\u00e9gico.<\/p>\n<\/div>\n<\/div>\n","protected":false},"excerpt":{"rendered":"<p>Una vez concluido el proceso de elaboraci\u00f3n del documento del Plan Estrat\u00e9gico e informado y aprobado por los \u00f3rganos de gobierno de la Universidad de Granada (Consejo Social, Claustro y Consejo de Gobierno), se inicia una nueva etapa tan importante como la anterior, la ejecuci\u00f3n de las propuestas contenidas en el documento y el seguimiento y control de las mismas. La ejecuci\u00f3n del plan deber ser un proceso din\u00e1mico y dimensionado al horizonte temporal fijado, que implique a todas las unidades y servicios de la instituci\u00f3n y a toda la comunidad universitaria con el objetivo de conseguir una Universidad que progrese ante el horizonte de su V Centenario.<\/p>\n","protected":false},"author":1,"featured_media":4214,"parent":0,"menu_order":7,"comment_status":"closed","ping_status":"closed","template":"","meta":{"site-sidebar-layout":"default","site-content-layout":"default","ast-main-header-display":"","ast-hfb-above-header-display":"","ast-hfb-below-header-display":"","ast-hfb-mobile-header-display":"","site-post-title":"","ast-breadcrumbs-content":"","ast-featured-img":"","footer-sml-layout":"","theme-transparent-header-meta":"","adv-header-id-meta":"","stick-header-meta":"","header-above-stick-meta":"","header-main-stick-meta":"","header-below-stick-meta":"","footnotes":""},"eje":[],"class_list":["post-657","page","type-page","status-publish","has-post-thumbnail","hentry"],"yoast_head":"<!-- This site is optimized with the Yoast SEO plugin v18.9 - https:\/\/yoast.com\/wordpress\/plugins\/seo\/ -->\n<title>Seguimiento y control - Plan Estrat\u00e9gico UGR 2031<\/title>\n<meta name=\"robots\" content=\"index, follow, max-snippet:-1, max-image-preview:large, max-video-preview:-1\" \/>\n<link rel=\"canonical\" href=\"https:\/\/canal.ugr.es\/UGR2031\/seguimiento-y-control\/\" \/>\n<meta property=\"og:locale\" content=\"es_ES\" \/>\n<meta property=\"og:type\" content=\"article\" \/>\n<meta property=\"og:title\" content=\"Seguimiento y control - Plan Estrat\u00e9gico UGR 2031\" \/>\n<meta property=\"og:description\" content=\"Una vez concluido el proceso de elaboraci\u00f3n del documento del Plan Estrat\u00e9gico e informado y aprobado por los \u00f3rganos de gobierno de la Universidad de Granada (Consejo Social, Claustro y Consejo de Gobierno), se inicia una nueva etapa tan importante como la anterior, la ejecuci\u00f3n de las propuestas contenidas en el documento y el seguimiento y control de las mismas. La ejecuci\u00f3n del plan deber ser un proceso din\u00e1mico y dimensionado al horizonte temporal fijado, que implique a todas las unidades y servicios de la instituci\u00f3n y a toda la comunidad universitaria con el objetivo de conseguir una Universidad que progrese ante el horizonte de su V Centenario.\" \/>\n<meta property=\"og:url\" content=\"https:\/\/canal.ugr.es\/UGR2031\/seguimiento-y-control\/\" \/>\n<meta property=\"og:site_name\" content=\"Plan Estrat\u00e9gico UGR 2031\" \/>\n<meta property=\"article:modified_time\" content=\"2022-04-28T15:47:04+00:00\" \/>\n<meta property=\"og:image\" content=\"https:\/\/canal.ugr.es\/UGR2031\/wp-content\/uploads\/2022\/04\/Facultad-de-Derecho-Jose-Albornoz-62-copia.jpeg\" \/>\n\t<meta property=\"og:image:width\" content=\"1280\" \/>\n\t<meta property=\"og:image:height\" content=\"853\" \/>\n\t<meta property=\"og:image:type\" content=\"image\/jpeg\" \/>\n<meta name=\"twitter:card\" content=\"summary_large_image\" \/>\n<meta name=\"twitter:label1\" content=\"Tiempo de lectura\" \/>\n\t<meta name=\"twitter:data1\" content=\"1 minuto\" \/>\n<script type=\"application\/ld+json\" class=\"yoast-schema-graph\">{\"@context\":\"https:\/\/schema.org\",\"@graph\":[{\"@type\":\"WebSite\",\"@id\":\"https:\/\/canal.ugr.es\/UGR2031\/#website\",\"url\":\"https:\/\/canal.ugr.es\/UGR2031\/\",\"name\":\"Plan Estrat\u00e9gico UGR 2031\",\"description\":\"Plan estrat\u00e9gico 2031 de la Universidad de Granada\",\"potentialAction\":[{\"@type\":\"SearchAction\",\"target\":{\"@type\":\"EntryPoint\",\"urlTemplate\":\"https:\/\/canal.ugr.es\/UGR2031\/?s={search_term_string}\"},\"query-input\":\"required name=search_term_string\"}],\"inLanguage\":\"es\"},{\"@type\":\"ImageObject\",\"inLanguage\":\"es\",\"@id\":\"https:\/\/canal.ugr.es\/UGR2031\/seguimiento-y-control\/#primaryimage\",\"url\":\"https:\/\/canal.ugr.es\/UGR2031\/wp-content\/uploads\/2022\/04\/Facultad-de-Derecho-Jose-Albornoz-62-copia.jpeg\",\"contentUrl\":\"https:\/\/canal.ugr.es\/UGR2031\/wp-content\/uploads\/2022\/04\/Facultad-de-Derecho-Jose-Albornoz-62-copia.jpeg\",\"width\":1280,\"height\":853},{\"@type\":\"WebPage\",\"@id\":\"https:\/\/canal.ugr.es\/UGR2031\/seguimiento-y-control\/#webpage\",\"url\":\"https:\/\/canal.ugr.es\/UGR2031\/seguimiento-y-control\/\",\"name\":\"Seguimiento y control - Plan Estrat\u00e9gico UGR 2031\",\"isPartOf\":{\"@id\":\"https:\/\/canal.ugr.es\/UGR2031\/#website\"},\"primaryImageOfPage\":{\"@id\":\"https:\/\/canal.ugr.es\/UGR2031\/seguimiento-y-control\/#primaryimage\"},\"datePublished\":\"2022-02-23T10:36:15+00:00\",\"dateModified\":\"2022-04-28T15:47:04+00:00\",\"breadcrumb\":{\"@id\":\"https:\/\/canal.ugr.es\/UGR2031\/seguimiento-y-control\/#breadcrumb\"},\"inLanguage\":\"es\",\"potentialAction\":[{\"@type\":\"ReadAction\",\"target\":[\"https:\/\/canal.ugr.es\/UGR2031\/seguimiento-y-control\/\"]}]},{\"@type\":\"BreadcrumbList\",\"@id\":\"https:\/\/canal.ugr.es\/UGR2031\/seguimiento-y-control\/#breadcrumb\",\"itemListElement\":[{\"@type\":\"ListItem\",\"position\":1,\"name\":\"Portada\",\"item\":\"https:\/\/canal.ugr.es\/UGR2031\/\"},{\"@type\":\"ListItem\",\"position\":2,\"name\":\"Seguimiento y control\"}]}]}<\/script>\n<!-- \/ Yoast SEO plugin. -->","yoast_head_json":{"title":"Seguimiento y control - Plan Estrat\u00e9gico UGR 2031","robots":{"index":"index","follow":"follow","max-snippet":"max-snippet:-1","max-image-preview":"max-image-preview:large","max-video-preview":"max-video-preview:-1"},"canonical":"https:\/\/canal.ugr.es\/UGR2031\/seguimiento-y-control\/","og_locale":"es_ES","og_type":"article","og_title":"Seguimiento y control - Plan Estrat\u00e9gico UGR 2031","og_description":"Una vez concluido el proceso de elaboraci\u00f3n del documento del Plan Estrat\u00e9gico e informado y aprobado por los \u00f3rganos de gobierno de la Universidad de Granada (Consejo Social, Claustro y Consejo de Gobierno), se inicia una nueva etapa tan importante como la anterior, la ejecuci\u00f3n de las propuestas contenidas en el documento y el seguimiento y control de las mismas. La ejecuci\u00f3n del plan deber ser un proceso din\u00e1mico y dimensionado al horizonte temporal fijado, que implique a todas las unidades y servicios de la instituci\u00f3n y a toda la comunidad universitaria con el objetivo de conseguir una Universidad que progrese ante el horizonte de su V Centenario.","og_url":"https:\/\/canal.ugr.es\/UGR2031\/seguimiento-y-control\/","og_site_name":"Plan Estrat\u00e9gico UGR 2031","article_modified_time":"2022-04-28T15:47:04+00:00","og_image":[{"width":1280,"height":853,"url":"https:\/\/canal.ugr.es\/UGR2031\/wp-content\/uploads\/2022\/04\/Facultad-de-Derecho-Jose-Albornoz-62-copia.jpeg","type":"image\/jpeg"}],"twitter_card":"summary_large_image","twitter_misc":{"Tiempo de lectura":"1 minuto"},"schema":{"@context":"https:\/\/schema.org","@graph":[{"@type":"WebSite","@id":"https:\/\/canal.ugr.es\/UGR2031\/#website","url":"https:\/\/canal.ugr.es\/UGR2031\/","name":"Plan Estrat\u00e9gico UGR 2031","description":"Plan estrat\u00e9gico 2031 de la Universidad de Granada","potentialAction":[{"@type":"SearchAction","target":{"@type":"EntryPoint","urlTemplate":"https:\/\/canal.ugr.es\/UGR2031\/?s={search_term_string}"},"query-input":"required name=search_term_string"}],"inLanguage":"es"},{"@type":"ImageObject","inLanguage":"es","@id":"https:\/\/canal.ugr.es\/UGR2031\/seguimiento-y-control\/#primaryimage","url":"https:\/\/canal.ugr.es\/UGR2031\/wp-content\/uploads\/2022\/04\/Facultad-de-Derecho-Jose-Albornoz-62-copia.jpeg","contentUrl":"https:\/\/canal.ugr.es\/UGR2031\/wp-content\/uploads\/2022\/04\/Facultad-de-Derecho-Jose-Albornoz-62-copia.jpeg","width":1280,"height":853},{"@type":"WebPage","@id":"https:\/\/canal.ugr.es\/UGR2031\/seguimiento-y-control\/#webpage","url":"https:\/\/canal.ugr.es\/UGR2031\/seguimiento-y-control\/","name":"Seguimiento y control - Plan Estrat\u00e9gico UGR 2031","isPartOf":{"@id":"https:\/\/canal.ugr.es\/UGR2031\/#website"},"primaryImageOfPage":{"@id":"https:\/\/canal.ugr.es\/UGR2031\/seguimiento-y-control\/#primaryimage"},"datePublished":"2022-02-23T10:36:15+00:00","dateModified":"2022-04-28T15:47:04+00:00","breadcrumb":{"@id":"https:\/\/canal.ugr.es\/UGR2031\/seguimiento-y-control\/#breadcrumb"},"inLanguage":"es","potentialAction":[{"@type":"ReadAction","target":["https:\/\/canal.ugr.es\/UGR2031\/seguimiento-y-control\/"]}]},{"@type":"BreadcrumbList","@id":"https:\/\/canal.ugr.es\/UGR2031\/seguimiento-y-control\/#breadcrumb","itemListElement":[{"@type":"ListItem","position":1,"name":"Portada","item":"https:\/\/canal.ugr.es\/UGR2031\/"},{"@type":"ListItem","position":2,"name":"Seguimiento y control"}]}]}},"_links":{"self":[{"href":"https:\/\/canal.ugr.es\/UGR2031\/wp-json\/wp\/v2\/pages\/657","targetHints":{"allow":["GET"]}}],"collection":[{"href":"https:\/\/canal.ugr.es\/UGR2031\/wp-json\/wp\/v2\/pages"}],"about":[{"href":"https:\/\/canal.ugr.es\/UGR2031\/wp-json\/wp\/v2\/types\/page"}],"author":[{"embeddable":true,"href":"https:\/\/canal.ugr.es\/UGR2031\/wp-json\/wp\/v2\/users\/1"}],"replies":[{"embeddable":true,"href":"https:\/\/canal.ugr.es\/UGR2031\/wp-json\/wp\/v2\/comments?post=657"}],"version-history":[{"count":11,"href":"https:\/\/canal.ugr.es\/UGR2031\/wp-json\/wp\/v2\/pages\/657\/revisions"}],"predecessor-version":[{"id":6588,"href":"https:\/\/canal.ugr.es\/UGR2031\/wp-json\/wp\/v2\/pages\/657\/revisions\/6588"}],"wp:featuredmedia":[{"embeddable":true,"href":"https:\/\/canal.ugr.es\/UGR2031\/wp-json\/wp\/v2\/media\/4214"}],"wp:attachment":[{"href":"https:\/\/canal.ugr.es\/UGR2031\/wp-json\/wp\/v2\/media?parent=657"}],"wp:term":[{"taxonomy":"eje","embeddable":true,"href":"https:\/\/canal.ugr.es\/UGR2031\/wp-json\/wp\/v2\/eje?post=657"}],"curies":[{"name":"wp","href":"https:\/\/api.w.org\/{rel}","templated":true}]}}