{"id":60,"date":"2022-02-21T13:47:20","date_gmt":"2022-02-21T12:47:20","guid":{"rendered":"https:\/\/canal.ugr.es\/UGR2031\/?page_id=60"},"modified":"2023-02-13T12:27:56","modified_gmt":"2023-02-13T11:27:56","slug":"proceso-de-desarrollo","status":"publish","type":"page","link":"https:\/\/canal.ugr.es\/UGR2031\/proceso-de-desarrollo\/","title":{"rendered":"Proceso de desarrollo"},"content":{"rendered":"\n<figure class=\"wp-block-gallery alignwide has-nested-images columns-default is-cropped wp-block-gallery-1 is-layout-flex wp-block-gallery-is-layout-flex\">\n<figure class=\"wp-block-image size-large\"><img loading=\"lazy\" decoding=\"async\" width=\"731\" height=\"1024\" data-id=\"6704\" src=\"https:\/\/canal.ugr.es\/UGR2031\/wp-content\/uploads\/2022\/05\/esquema_de_desarrollo-731x1024.jpg\" alt=\"Esquema de desarrollo del Plan Estrat\u00e9gico UGR 2031\" class=\"wp-image-6704\" srcset=\"https:\/\/canal.ugr.es\/UGR2031\/wp-content\/uploads\/2022\/05\/esquema_de_desarrollo-731x1024.jpg 731w, https:\/\/canal.ugr.es\/UGR2031\/wp-content\/uploads\/2022\/05\/esquema_de_desarrollo-214x300.jpg 214w, https:\/\/canal.ugr.es\/UGR2031\/wp-content\/uploads\/2022\/05\/esquema_de_desarrollo-768x1075.jpg 768w, https:\/\/canal.ugr.es\/UGR2031\/wp-content\/uploads\/2022\/05\/esquema_de_desarrollo-1097x1536.jpg 1097w, https:\/\/canal.ugr.es\/UGR2031\/wp-content\/uploads\/2022\/05\/esquema_de_desarrollo-1462x2048.jpg 1462w\" sizes=\"auto, (max-width: 731px) 100vw, 731px\" \/><\/figure>\n\n\n\n<figure class=\"wp-block-image size-large\"><img loading=\"lazy\" decoding=\"async\" width=\"731\" height=\"1024\" data-id=\"6705\" src=\"https:\/\/canal.ugr.es\/UGR2031\/wp-content\/uploads\/2022\/05\/estructura_organizativa-731x1024.jpg\" alt=\"Estructura organizativa del Plan Estrat\u00e9gico UGR 2031\" class=\"wp-image-6705\" srcset=\"https:\/\/canal.ugr.es\/UGR2031\/wp-content\/uploads\/2022\/05\/estructura_organizativa-731x1024.jpg 731w, https:\/\/canal.ugr.es\/UGR2031\/wp-content\/uploads\/2022\/05\/estructura_organizativa-214x300.jpg 214w, https:\/\/canal.ugr.es\/UGR2031\/wp-content\/uploads\/2022\/05\/estructura_organizativa-768x1075.jpg 768w, https:\/\/canal.ugr.es\/UGR2031\/wp-content\/uploads\/2022\/05\/estructura_organizativa-1097x1536.jpg 1097w, https:\/\/canal.ugr.es\/UGR2031\/wp-content\/uploads\/2022\/05\/estructura_organizativa-1462x2048.jpg 1462w\" sizes=\"auto, (max-width: 731px) 100vw, 731px\" \/><\/figure>\n<\/figure>\n\n\n\n<div class=\"wp-block-columns is-layout-flex wp-container-core-columns-is-layout-9d6595d7 wp-block-columns-is-layout-flex\">\n<div class=\"wp-block-column nodisplay is-layout-flow wp-block-column-is-layout-flow\" style=\"flex-basis:20%\"><\/div>\n\n\n\n<div class=\"wp-block-column is-layout-flow wp-block-column-is-layout-flow\" style=\"flex-basis:80%\">\n<p>La <mark style=\"background-color:rgba(0, 0, 0, 0)\" class=\"has-inline-color has-ast-global-color-0-color\"><strong>primera fase<\/strong><\/mark> del proceso ha sido el dise\u00f1o y puesta en marcha de la estructura organizativa encargada de impulsar y coordinar todo el proceso. Esta estructura est\u00e1 compuesta por tres \u00f3rganos: ejecutivos, de participaci\u00f3n y de aprobaci\u00f3n.<\/p>\n<\/div>\n<\/div>\n\n\n\n<div class=\"wp-block-columns is-layout-flex wp-container-core-columns-is-layout-9d6595d7 wp-block-columns-is-layout-flex\">\n<div class=\"wp-block-column is-layout-flow wp-block-column-is-layout-flow\" style=\"flex-basis:100%\">\n<p>La <mark style=\"background-color:rgba(0, 0, 0, 0)\" class=\"has-inline-color has-ast-global-color-0-color\"><strong>segunda fase<\/strong><\/mark> ha consistido en el an\u00e1lisis y diagn\u00f3stico que permita evaluar la situaci\u00f3n actual de la instituci\u00f3n, tanto a nivel interno como en comparaci\u00f3n a otras instituciones de nuestro entorno m\u00e1s cercano y del \u00e1mbito europeo e internacional. Esta fase ha permitido detectar las principales fortalezas y debilidades, as\u00ed como amenazas y oportunidades a las que se ha de enfrentar nuestra Universidad en los pr\u00f3ximos a\u00f1os.<\/p>\n<\/div>\n<\/div>\n\n\n\n<div class=\"wp-block-columns is-layout-flex wp-container-core-columns-is-layout-9d6595d7 wp-block-columns-is-layout-flex\">\n<div class=\"wp-block-column nodisplay is-layout-flow wp-block-column-is-layout-flow\" style=\"flex-basis:20%\"><\/div>\n\n\n\n<div class=\"wp-block-column is-layout-flow wp-block-column-is-layout-flow\" style=\"flex-basis:80%\">\n<p>En la <mark style=\"background-color:rgba(0, 0, 0, 0)\" class=\"has-inline-color has-ast-global-color-0-color\"><strong>tercera fase<\/strong><\/mark> del proceso se procedi\u00f3 a una primera redefinici\u00f3n de la Misi\u00f3n, Visi\u00f3n y Valores de la Universidad de Granada por parte del Comit\u00e9 Director del Plan Estrat\u00e9gico para, posteriormente, ser revisados y debatidos durante el proceso participativo.<\/p>\n<\/div>\n<\/div>\n\n\n\n<div class=\"wp-block-columns is-layout-flex wp-container-core-columns-is-layout-9d6595d7 wp-block-columns-is-layout-flex\">\n<div class=\"wp-block-column is-layout-flow wp-block-column-is-layout-flow\" style=\"flex-basis:100%\">\n<p>La <mark style=\"background-color:rgba(0, 0, 0, 0)\" class=\"has-inline-color has-ast-global-color-0-color\"><strong>cuarta fase<\/strong><\/mark> representa la formulaci\u00f3n estrat\u00e9gica fruto del trabajo participativo y abierto a toda la comunidad universitaria y a los agentes sociales, a trav\u00e9s de la constituci\u00f3n de ocho grupos de trabajo de especialistas en las distintas \u00e1reas y del impulso de ocho laboratorios de generaci\u00f3n de ideas abiertos a toda la comunidad universitaria. Los grupos constituidos fueron: (1) Personas, identidad y participaci\u00f3n; (2) Docencia y aprendizaje; (3) Investigaci\u00f3n, innovaci\u00f3n y transferencia; (4) Mode- lo econ\u00f3mico, transferencia y transformaci\u00f3n del entorno; (5) Sociedad, cultura y proyecci\u00f3n social; (6) Gobernanza, gesti\u00f3n y financiaci\u00f3n; (7) Internacionalizaci\u00f3n; (8) Transformaci\u00f3n digital.<\/p>\n<\/div>\n<\/div>\n","protected":false},"excerpt":{"rendered":"<p>Como recoge el Documento de Bases Metodol\u00f3gicas para la Elaboraci\u00f3n del Plan Estrat\u00e9gico aprobado por Consejo de Gobierno el 23 de julio de 2020 y posteriormente ratificado por el Comit\u00e9 Director del Plan Estrat\u00e9gico en su reuni\u00f3n del 21 de octubre de 2020, el desarrollo del Plan Estrat\u00e9gico se ha llevado a cabo a trav\u00e9s de una metodolog\u00eda de trabajo participativa, flexible y abierta a todas la personas que forman parte de la comunidad universitaria y de la sociedad, al objeto de recoger propuestas estrat\u00e9gicas y definir entre todos la Universidad de Granada del futuro.<\/p>\n","protected":false},"author":1,"featured_media":4064,"parent":0,"menu_order":3,"comment_status":"closed","ping_status":"closed","template":"","meta":{"site-sidebar-layout":"default","site-content-layout":"default","ast-main-header-display":"","ast-hfb-above-header-display":"","ast-hfb-below-header-display":"","ast-hfb-mobile-header-display":"","site-post-title":"","ast-breadcrumbs-content":"","ast-featured-img":"","footer-sml-layout":"","theme-transparent-header-meta":"","adv-header-id-meta":"","stick-header-meta":"","header-above-stick-meta":"","header-main-stick-meta":"","header-below-stick-meta":"","footnotes":""},"eje":[],"class_list":["post-60","page","type-page","status-publish","has-post-thumbnail","hentry"],"yoast_head":"<!-- This site is optimized with the Yoast SEO plugin v18.9 - https:\/\/yoast.com\/wordpress\/plugins\/seo\/ -->\n<title>Proceso de desarrollo - Plan Estrat\u00e9gico UGR 2031<\/title>\n<meta name=\"robots\" content=\"index, follow, max-snippet:-1, max-image-preview:large, max-video-preview:-1\" \/>\n<link rel=\"canonical\" href=\"https:\/\/canal.ugr.es\/UGR2031\/proceso-de-desarrollo\/\" \/>\n<meta property=\"og:locale\" content=\"es_ES\" \/>\n<meta property=\"og:type\" content=\"article\" \/>\n<meta property=\"og:title\" content=\"Proceso de desarrollo - Plan Estrat\u00e9gico UGR 2031\" \/>\n<meta property=\"og:description\" content=\"Como recoge el Documento de Bases Metodol\u00f3gicas para la Elaboraci\u00f3n del Plan Estrat\u00e9gico aprobado por Consejo de Gobierno el 23 de julio de 2020 y posteriormente ratificado por el Comit\u00e9 Director del Plan Estrat\u00e9gico en su reuni\u00f3n del 21 de octubre de 2020, el desarrollo del Plan Estrat\u00e9gico se ha llevado a cabo a trav\u00e9s de una metodolog\u00eda de trabajo participativa, flexible y abierta a todas la personas que forman parte de la comunidad universitaria y de la sociedad, al objeto de recoger propuestas estrat\u00e9gicas y definir entre todos la Universidad de Granada del futuro.\" \/>\n<meta property=\"og:url\" content=\"https:\/\/canal.ugr.es\/UGR2031\/proceso-de-desarrollo\/\" \/>\n<meta property=\"og:site_name\" content=\"Plan Estrat\u00e9gico UGR 2031\" \/>\n<meta property=\"article:modified_time\" content=\"2023-02-13T11:27:56+00:00\" \/>\n<meta property=\"og:image\" content=\"https:\/\/canal.ugr.es\/UGR2031\/wp-content\/uploads\/2022\/04\/proceso_desarrollo.jpg\" \/>\n\t<meta property=\"og:image:width\" content=\"1280\" \/>\n\t<meta property=\"og:image:height\" content=\"1920\" \/>\n\t<meta property=\"og:image:type\" content=\"image\/jpeg\" \/>\n<meta name=\"twitter:card\" content=\"summary_large_image\" \/>\n<meta name=\"twitter:label1\" content=\"Tiempo de lectura\" \/>\n\t<meta name=\"twitter:data1\" content=\"2 minutos\" \/>\n<script type=\"application\/ld+json\" class=\"yoast-schema-graph\">{\"@context\":\"https:\/\/schema.org\",\"@graph\":[{\"@type\":\"WebSite\",\"@id\":\"https:\/\/canal.ugr.es\/UGR2031\/#website\",\"url\":\"https:\/\/canal.ugr.es\/UGR2031\/\",\"name\":\"Plan Estrat\u00e9gico UGR 2031\",\"description\":\"Plan estrat\u00e9gico 2031 de la Universidad de Granada\",\"potentialAction\":[{\"@type\":\"SearchAction\",\"target\":{\"@type\":\"EntryPoint\",\"urlTemplate\":\"https:\/\/canal.ugr.es\/UGR2031\/?s={search_term_string}\"},\"query-input\":\"required name=search_term_string\"}],\"inLanguage\":\"es\"},{\"@type\":\"ImageObject\",\"inLanguage\":\"es\",\"@id\":\"https:\/\/canal.ugr.es\/UGR2031\/proceso-de-desarrollo\/#primaryimage\",\"url\":\"https:\/\/canal.ugr.es\/UGR2031\/wp-content\/uploads\/2022\/04\/proceso_desarrollo.jpg\",\"contentUrl\":\"https:\/\/canal.ugr.es\/UGR2031\/wp-content\/uploads\/2022\/04\/proceso_desarrollo.jpg\",\"width\":1280,\"height\":1920,\"caption\":\"Proceso de desarrollo\"},{\"@type\":\"WebPage\",\"@id\":\"https:\/\/canal.ugr.es\/UGR2031\/proceso-de-desarrollo\/#webpage\",\"url\":\"https:\/\/canal.ugr.es\/UGR2031\/proceso-de-desarrollo\/\",\"name\":\"Proceso de desarrollo - Plan Estrat\u00e9gico UGR 2031\",\"isPartOf\":{\"@id\":\"https:\/\/canal.ugr.es\/UGR2031\/#website\"},\"primaryImageOfPage\":{\"@id\":\"https:\/\/canal.ugr.es\/UGR2031\/proceso-de-desarrollo\/#primaryimage\"},\"datePublished\":\"2022-02-21T12:47:20+00:00\",\"dateModified\":\"2023-02-13T11:27:56+00:00\",\"breadcrumb\":{\"@id\":\"https:\/\/canal.ugr.es\/UGR2031\/proceso-de-desarrollo\/#breadcrumb\"},\"inLanguage\":\"es\",\"potentialAction\":[{\"@type\":\"ReadAction\",\"target\":[\"https:\/\/canal.ugr.es\/UGR2031\/proceso-de-desarrollo\/\"]}]},{\"@type\":\"BreadcrumbList\",\"@id\":\"https:\/\/canal.ugr.es\/UGR2031\/proceso-de-desarrollo\/#breadcrumb\",\"itemListElement\":[{\"@type\":\"ListItem\",\"position\":1,\"name\":\"Portada\",\"item\":\"https:\/\/canal.ugr.es\/UGR2031\/\"},{\"@type\":\"ListItem\",\"position\":2,\"name\":\"Proceso de desarrollo\"}]}]}<\/script>\n<!-- \/ Yoast SEO plugin. -->","yoast_head_json":{"title":"Proceso de desarrollo - Plan Estrat\u00e9gico UGR 2031","robots":{"index":"index","follow":"follow","max-snippet":"max-snippet:-1","max-image-preview":"max-image-preview:large","max-video-preview":"max-video-preview:-1"},"canonical":"https:\/\/canal.ugr.es\/UGR2031\/proceso-de-desarrollo\/","og_locale":"es_ES","og_type":"article","og_title":"Proceso de desarrollo - Plan Estrat\u00e9gico UGR 2031","og_description":"Como recoge el Documento de Bases Metodol\u00f3gicas para la Elaboraci\u00f3n del Plan Estrat\u00e9gico aprobado por Consejo de Gobierno el 23 de julio de 2020 y posteriormente ratificado por el Comit\u00e9 Director del Plan Estrat\u00e9gico en su reuni\u00f3n del 21 de octubre de 2020, el desarrollo del Plan Estrat\u00e9gico se ha llevado a cabo a trav\u00e9s de una metodolog\u00eda de trabajo participativa, flexible y abierta a todas la personas que forman parte de la comunidad universitaria y de la sociedad, al objeto de recoger propuestas estrat\u00e9gicas y definir entre todos la Universidad de Granada del futuro.","og_url":"https:\/\/canal.ugr.es\/UGR2031\/proceso-de-desarrollo\/","og_site_name":"Plan Estrat\u00e9gico UGR 2031","article_modified_time":"2023-02-13T11:27:56+00:00","og_image":[{"width":1280,"height":1920,"url":"https:\/\/canal.ugr.es\/UGR2031\/wp-content\/uploads\/2022\/04\/proceso_desarrollo.jpg","type":"image\/jpeg"}],"twitter_card":"summary_large_image","twitter_misc":{"Tiempo de lectura":"2 minutos"},"schema":{"@context":"https:\/\/schema.org","@graph":[{"@type":"WebSite","@id":"https:\/\/canal.ugr.es\/UGR2031\/#website","url":"https:\/\/canal.ugr.es\/UGR2031\/","name":"Plan Estrat\u00e9gico UGR 2031","description":"Plan estrat\u00e9gico 2031 de la Universidad de Granada","potentialAction":[{"@type":"SearchAction","target":{"@type":"EntryPoint","urlTemplate":"https:\/\/canal.ugr.es\/UGR2031\/?s={search_term_string}"},"query-input":"required name=search_term_string"}],"inLanguage":"es"},{"@type":"ImageObject","inLanguage":"es","@id":"https:\/\/canal.ugr.es\/UGR2031\/proceso-de-desarrollo\/#primaryimage","url":"https:\/\/canal.ugr.es\/UGR2031\/wp-content\/uploads\/2022\/04\/proceso_desarrollo.jpg","contentUrl":"https:\/\/canal.ugr.es\/UGR2031\/wp-content\/uploads\/2022\/04\/proceso_desarrollo.jpg","width":1280,"height":1920,"caption":"Proceso de desarrollo"},{"@type":"WebPage","@id":"https:\/\/canal.ugr.es\/UGR2031\/proceso-de-desarrollo\/#webpage","url":"https:\/\/canal.ugr.es\/UGR2031\/proceso-de-desarrollo\/","name":"Proceso de desarrollo - Plan Estrat\u00e9gico UGR 2031","isPartOf":{"@id":"https:\/\/canal.ugr.es\/UGR2031\/#website"},"primaryImageOfPage":{"@id":"https:\/\/canal.ugr.es\/UGR2031\/proceso-de-desarrollo\/#primaryimage"},"datePublished":"2022-02-21T12:47:20+00:00","dateModified":"2023-02-13T11:27:56+00:00","breadcrumb":{"@id":"https:\/\/canal.ugr.es\/UGR2031\/proceso-de-desarrollo\/#breadcrumb"},"inLanguage":"es","potentialAction":[{"@type":"ReadAction","target":["https:\/\/canal.ugr.es\/UGR2031\/proceso-de-desarrollo\/"]}]},{"@type":"BreadcrumbList","@id":"https:\/\/canal.ugr.es\/UGR2031\/proceso-de-desarrollo\/#breadcrumb","itemListElement":[{"@type":"ListItem","position":1,"name":"Portada","item":"https:\/\/canal.ugr.es\/UGR2031\/"},{"@type":"ListItem","position":2,"name":"Proceso de desarrollo"}]}]}},"_links":{"self":[{"href":"https:\/\/canal.ugr.es\/UGR2031\/wp-json\/wp\/v2\/pages\/60","targetHints":{"allow":["GET"]}}],"collection":[{"href":"https:\/\/canal.ugr.es\/UGR2031\/wp-json\/wp\/v2\/pages"}],"about":[{"href":"https:\/\/canal.ugr.es\/UGR2031\/wp-json\/wp\/v2\/types\/page"}],"author":[{"embeddable":true,"href":"https:\/\/canal.ugr.es\/UGR2031\/wp-json\/wp\/v2\/users\/1"}],"replies":[{"embeddable":true,"href":"https:\/\/canal.ugr.es\/UGR2031\/wp-json\/wp\/v2\/comments?post=60"}],"version-history":[{"count":21,"href":"https:\/\/canal.ugr.es\/UGR2031\/wp-json\/wp\/v2\/pages\/60\/revisions"}],"predecessor-version":[{"id":6954,"href":"https:\/\/canal.ugr.es\/UGR2031\/wp-json\/wp\/v2\/pages\/60\/revisions\/6954"}],"wp:featuredmedia":[{"embeddable":true,"href":"https:\/\/canal.ugr.es\/UGR2031\/wp-json\/wp\/v2\/media\/4064"}],"wp:attachment":[{"href":"https:\/\/canal.ugr.es\/UGR2031\/wp-json\/wp\/v2\/media?parent=60"}],"wp:term":[{"taxonomy":"eje","embeddable":true,"href":"https:\/\/canal.ugr.es\/UGR2031\/wp-json\/wp\/v2\/eje?post=60"}],"curies":[{"name":"wp","href":"https:\/\/api.w.org\/{rel}","templated":true}]}}