{"id":56,"date":"2022-02-21T13:45:57","date_gmt":"2022-02-21T12:45:57","guid":{"rendered":"https:\/\/canal.ugr.es\/UGR2031\/?page_id=56"},"modified":"2022-04-28T17:58:58","modified_gmt":"2022-04-28T15:58:58","slug":"campus-singulares","status":"publish","type":"page","link":"https:\/\/canal.ugr.es\/UGR2031\/campus-singulares\/","title":{"rendered":"Campus singulares"},"content":{"rendered":"\n<p>La gran mayor\u00eda de las propuestas que recoge este Plan Estrat\u00e9gico afectan a todas las personas y colectivos que forman parte de la UGR, con independencia del campus y el territorio al que pertenezcan. No obstante, del proceso de reflexi\u00f3n estrat\u00e9gica llevado a cabo ha surgido el convencimiento sobre la necesidad de dise\u00f1ar estrategias singu- lares para los campus de Ceuta y Melilla que se alineen con las propuestas de este Plan Estrat\u00e9gico y con las l\u00edneas estrat\u00e9gicas de las propias ciudades de Ceuta y Melilla.<\/p>\n\n\n\n<p>En particular, dichas estrategias deber\u00edan focalizarse en las siguientes l\u00edneas:<\/p>\n\n\n\n<div class=\"wp-block-columns are-vertically-aligned-top left is-layout-flex wp-container-core-columns-is-layout-9d6595d7 wp-block-columns-is-layout-flex\">\n<div class=\"wp-block-column is-vertically-aligned-top is-layout-flow wp-block-column-is-layout-flow\" style=\"flex-basis:5%\">\n<h2 class=\"has-text-align-left left has-x-large-font-size wp-block-heading\"><strong>1.<\/strong><\/h2>\n<\/div>\n\n\n\n<div class=\"wp-block-column is-vertically-aligned-top is-layout-flow wp-block-column-is-layout-flow\" style=\"flex-basis:80%\">\n<p>Avanzar hacia una oferta formativa de calidad y una experiencia de aprendizaje satisfactoria para el estudiantado de los campus de Ceuta y Melilla en igualdad de condiciones al resto de campus de la Universidad.<\/p>\n<\/div>\n<\/div>\n\n\n\n<div class=\"wp-block-columns are-vertically-aligned-top is-layout-flex wp-container-core-columns-is-layout-9d6595d7 wp-block-columns-is-layout-flex\">\n<div class=\"wp-block-column is-vertically-aligned-top is-layout-flow wp-block-column-is-layout-flow\" style=\"flex-basis:5%\">\n<h2 class=\"has-text-align-left left has-x-large-font-size wp-block-heading\"><strong>2.<\/strong><\/h2>\n<\/div>\n\n\n\n<div class=\"wp-block-column is-vertically-aligned-top is-layout-flow wp-block-column-is-layout-flow\" style=\"flex-basis:80%\">\n<p>Apostar por el equilibrio y estabilidad del PDI y el desarrollo de la carrera acad\u00e9mica del personal joven investigador en estos campus.<\/p>\n<\/div>\n<\/div>\n\n\n\n<div class=\"wp-block-columns are-vertically-aligned-top is-layout-flex wp-container-core-columns-is-layout-9d6595d7 wp-block-columns-is-layout-flex\">\n<div class=\"wp-block-column is-vertically-aligned-top is-layout-flow wp-block-column-is-layout-flow\" style=\"flex-basis:5%\">\n<h2 class=\"has-text-align-left has-x-large-font-size wp-block-heading\" id=\"left\"><strong>3.<\/strong><\/h2>\n<\/div>\n\n\n\n<div class=\"wp-block-column is-vertically-aligned-top is-layout-flow wp-block-column-is-layout-flow\" style=\"flex-basis:80%\">\n<p>Fomentar nuevas l\u00edneas de investigaci\u00f3n emergentes, multidisciplinares y en conexi\u00f3n con el entorno socioecon\u00f3mico de Ceuta y Melilla.<\/p>\n<\/div>\n<\/div>\n\n\n\n<div class=\"wp-block-columns are-vertically-aligned-top is-layout-flex wp-container-core-columns-is-layout-9d6595d7 wp-block-columns-is-layout-flex\">\n<div class=\"wp-block-column is-vertically-aligned-top is-layout-flow wp-block-column-is-layout-flow\" style=\"flex-basis:5%\">\n<h2 class=\"has-text-align-left left has-x-large-font-size wp-block-heading\"><strong>4<\/strong>.<\/h2>\n<\/div>\n\n\n\n<div class=\"wp-block-column is-vertically-aligned-top is-layout-flow wp-block-column-is-layout-flow\" style=\"flex-basis:80%\">\n<p>Fomentar la formaci\u00f3n de posgrado e incentivar la realizaci\u00f3n de tesis doctorales en los campus singulares.<\/p>\n<\/div>\n<\/div>\n\n\n\n<div class=\"wp-block-columns are-vertically-aligned-top is-layout-flex wp-container-core-columns-is-layout-9d6595d7 wp-block-columns-is-layout-flex\">\n<div class=\"wp-block-column is-vertically-aligned-top is-layout-flow wp-block-column-is-layout-flow\" style=\"flex-basis:5%\">\n<h2 class=\"has-text-align-left left has-x-large-font-size wp-block-heading\"><strong>5.<\/strong><\/h2>\n<\/div>\n\n\n\n<div class=\"wp-block-column is-vertically-aligned-top is-layout-flow wp-block-column-is-layout-flow\" style=\"flex-basis:80%\">\n<p>Avanzar hacia la profesionalizaci\u00f3n de la gesti\u00f3n en estos campus.<\/p>\n<\/div>\n<\/div>\n\n\n\n<div class=\"wp-block-columns are-vertically-aligned-top is-layout-flex wp-container-core-columns-is-layout-9d6595d7 wp-block-columns-is-layout-flex\">\n<div class=\"wp-block-column is-vertically-aligned-top is-layout-flow wp-block-column-is-layout-flow\" style=\"flex-basis:5%\">\n<h2 class=\"has-text-align-left has-x-large-font-size wp-block-heading\"><strong>6.<\/strong><\/h2>\n<\/div>\n\n\n\n<div class=\"wp-block-column is-vertically-aligned-top is-layout-flow wp-block-column-is-layout-flow\" style=\"flex-basis:80%\">\n<p>Contribuir a incrementar el impacto y la proyecci\u00f3n de la UGR en las ciudades de Ceuta y Melilla, fomentando la celebraci\u00f3n de eventos cient\u00edficos, de innovaci\u00f3n, culturales y deportivos.<\/p>\n<\/div>\n<\/div>\n","protected":false},"excerpt":{"rendered":"<p>La Universidad de Granada presenta la singularidad de tener dos campus en el norte de \u00c1frica, en las ciudades aut\u00f3nomas de Ceuta y Melilla, adem\u00e1s de los cinco campus que se diseminan por toda la ciudad de Granada. Esta singularidad afecta a las distintas funciones que desarrolla la Universidad, a las acciones de gobierno presentes y al dise\u00f1o de las estrategias de futuro.<\/p>\n","protected":false},"author":1,"featured_media":4223,"parent":0,"menu_order":25,"comment_status":"closed","ping_status":"closed","template":"","meta":{"site-sidebar-layout":"default","site-content-layout":"default","ast-main-header-display":"","ast-hfb-above-header-display":"","ast-hfb-below-header-display":"","ast-hfb-mobile-header-display":"","site-post-title":"","ast-breadcrumbs-content":"","ast-featured-img":"","footer-sml-layout":"","theme-transparent-header-meta":"","adv-header-id-meta":"","stick-header-meta":"","header-above-stick-meta":"","header-main-stick-meta":"","header-below-stick-meta":"","footnotes":""},"eje":[],"class_list":["post-56","page","type-page","status-publish","has-post-thumbnail","hentry"],"yoast_head":"<!-- This site is optimized with the Yoast SEO plugin v18.9 - https:\/\/yoast.com\/wordpress\/plugins\/seo\/ -->\n<title>Campus singulares - Plan Estrat\u00e9gico UGR 2031<\/title>\n<meta name=\"robots\" content=\"index, follow, max-snippet:-1, max-image-preview:large, max-video-preview:-1\" \/>\n<link rel=\"canonical\" href=\"https:\/\/canal.ugr.es\/UGR2031\/campus-singulares\/\" \/>\n<meta property=\"og:locale\" content=\"es_ES\" \/>\n<meta property=\"og:type\" content=\"article\" \/>\n<meta property=\"og:title\" content=\"Campus singulares - Plan Estrat\u00e9gico UGR 2031\" \/>\n<meta property=\"og:description\" content=\"La Universidad de Granada presenta la singularidad de tener dos campus en el norte de \u00c1frica, en las ciudades aut\u00f3nomas de Ceuta y Melilla, adem\u00e1s de los cinco campus que se diseminan por toda la ciudad de Granada. Esta singularidad afecta a las distintas funciones que desarrolla la Universidad, a las acciones de gobierno presentes y al dise\u00f1o de las estrategias de futuro.\" \/>\n<meta property=\"og:url\" content=\"https:\/\/canal.ugr.es\/UGR2031\/campus-singulares\/\" \/>\n<meta property=\"og:site_name\" content=\"Plan Estrat\u00e9gico UGR 2031\" \/>\n<meta property=\"article:modified_time\" content=\"2022-04-28T15:58:58+00:00\" \/>\n<meta property=\"og:image\" content=\"https:\/\/canal.ugr.es\/UGR2031\/wp-content\/uploads\/2022\/04\/MG_5180-copia.jpg\" \/>\n\t<meta property=\"og:image:width\" content=\"1280\" \/>\n\t<meta property=\"og:image:height\" content=\"1920\" \/>\n\t<meta property=\"og:image:type\" content=\"image\/jpeg\" \/>\n<meta name=\"twitter:card\" content=\"summary_large_image\" \/>\n<meta name=\"twitter:label1\" content=\"Tiempo de lectura\" \/>\n\t<meta name=\"twitter:data1\" content=\"1 minuto\" \/>\n<script type=\"application\/ld+json\" class=\"yoast-schema-graph\">{\"@context\":\"https:\/\/schema.org\",\"@graph\":[{\"@type\":\"WebSite\",\"@id\":\"https:\/\/canal.ugr.es\/UGR2031\/#website\",\"url\":\"https:\/\/canal.ugr.es\/UGR2031\/\",\"name\":\"Plan Estrat\u00e9gico UGR 2031\",\"description\":\"Plan estrat\u00e9gico 2031 de la Universidad de Granada\",\"potentialAction\":[{\"@type\":\"SearchAction\",\"target\":{\"@type\":\"EntryPoint\",\"urlTemplate\":\"https:\/\/canal.ugr.es\/UGR2031\/?s={search_term_string}\"},\"query-input\":\"required name=search_term_string\"}],\"inLanguage\":\"es\"},{\"@type\":\"ImageObject\",\"inLanguage\":\"es\",\"@id\":\"https:\/\/canal.ugr.es\/UGR2031\/campus-singulares\/#primaryimage\",\"url\":\"https:\/\/canal.ugr.es\/UGR2031\/wp-content\/uploads\/2022\/04\/MG_5180-copia.jpg\",\"contentUrl\":\"https:\/\/canal.ugr.es\/UGR2031\/wp-content\/uploads\/2022\/04\/MG_5180-copia.jpg\",\"width\":1280,\"height\":1920},{\"@type\":\"WebPage\",\"@id\":\"https:\/\/canal.ugr.es\/UGR2031\/campus-singulares\/#webpage\",\"url\":\"https:\/\/canal.ugr.es\/UGR2031\/campus-singulares\/\",\"name\":\"Campus singulares - Plan Estrat\u00e9gico UGR 2031\",\"isPartOf\":{\"@id\":\"https:\/\/canal.ugr.es\/UGR2031\/#website\"},\"primaryImageOfPage\":{\"@id\":\"https:\/\/canal.ugr.es\/UGR2031\/campus-singulares\/#primaryimage\"},\"datePublished\":\"2022-02-21T12:45:57+00:00\",\"dateModified\":\"2022-04-28T15:58:58+00:00\",\"breadcrumb\":{\"@id\":\"https:\/\/canal.ugr.es\/UGR2031\/campus-singulares\/#breadcrumb\"},\"inLanguage\":\"es\",\"potentialAction\":[{\"@type\":\"ReadAction\",\"target\":[\"https:\/\/canal.ugr.es\/UGR2031\/campus-singulares\/\"]}]},{\"@type\":\"BreadcrumbList\",\"@id\":\"https:\/\/canal.ugr.es\/UGR2031\/campus-singulares\/#breadcrumb\",\"itemListElement\":[{\"@type\":\"ListItem\",\"position\":1,\"name\":\"Portada\",\"item\":\"https:\/\/canal.ugr.es\/UGR2031\/\"},{\"@type\":\"ListItem\",\"position\":2,\"name\":\"Campus singulares\"}]}]}<\/script>\n<!-- \/ Yoast SEO plugin. -->","yoast_head_json":{"title":"Campus singulares - Plan Estrat\u00e9gico UGR 2031","robots":{"index":"index","follow":"follow","max-snippet":"max-snippet:-1","max-image-preview":"max-image-preview:large","max-video-preview":"max-video-preview:-1"},"canonical":"https:\/\/canal.ugr.es\/UGR2031\/campus-singulares\/","og_locale":"es_ES","og_type":"article","og_title":"Campus singulares - Plan Estrat\u00e9gico UGR 2031","og_description":"La Universidad de Granada presenta la singularidad de tener dos campus en el norte de \u00c1frica, en las ciudades aut\u00f3nomas de Ceuta y Melilla, adem\u00e1s de los cinco campus que se diseminan por toda la ciudad de Granada. Esta singularidad afecta a las distintas funciones que desarrolla la Universidad, a las acciones de gobierno presentes y al dise\u00f1o de las estrategias de futuro.","og_url":"https:\/\/canal.ugr.es\/UGR2031\/campus-singulares\/","og_site_name":"Plan Estrat\u00e9gico UGR 2031","article_modified_time":"2022-04-28T15:58:58+00:00","og_image":[{"width":1280,"height":1920,"url":"https:\/\/canal.ugr.es\/UGR2031\/wp-content\/uploads\/2022\/04\/MG_5180-copia.jpg","type":"image\/jpeg"}],"twitter_card":"summary_large_image","twitter_misc":{"Tiempo de lectura":"1 minuto"},"schema":{"@context":"https:\/\/schema.org","@graph":[{"@type":"WebSite","@id":"https:\/\/canal.ugr.es\/UGR2031\/#website","url":"https:\/\/canal.ugr.es\/UGR2031\/","name":"Plan Estrat\u00e9gico UGR 2031","description":"Plan estrat\u00e9gico 2031 de la Universidad de Granada","potentialAction":[{"@type":"SearchAction","target":{"@type":"EntryPoint","urlTemplate":"https:\/\/canal.ugr.es\/UGR2031\/?s={search_term_string}"},"query-input":"required name=search_term_string"}],"inLanguage":"es"},{"@type":"ImageObject","inLanguage":"es","@id":"https:\/\/canal.ugr.es\/UGR2031\/campus-singulares\/#primaryimage","url":"https:\/\/canal.ugr.es\/UGR2031\/wp-content\/uploads\/2022\/04\/MG_5180-copia.jpg","contentUrl":"https:\/\/canal.ugr.es\/UGR2031\/wp-content\/uploads\/2022\/04\/MG_5180-copia.jpg","width":1280,"height":1920},{"@type":"WebPage","@id":"https:\/\/canal.ugr.es\/UGR2031\/campus-singulares\/#webpage","url":"https:\/\/canal.ugr.es\/UGR2031\/campus-singulares\/","name":"Campus singulares - Plan Estrat\u00e9gico UGR 2031","isPartOf":{"@id":"https:\/\/canal.ugr.es\/UGR2031\/#website"},"primaryImageOfPage":{"@id":"https:\/\/canal.ugr.es\/UGR2031\/campus-singulares\/#primaryimage"},"datePublished":"2022-02-21T12:45:57+00:00","dateModified":"2022-04-28T15:58:58+00:00","breadcrumb":{"@id":"https:\/\/canal.ugr.es\/UGR2031\/campus-singulares\/#breadcrumb"},"inLanguage":"es","potentialAction":[{"@type":"ReadAction","target":["https:\/\/canal.ugr.es\/UGR2031\/campus-singulares\/"]}]},{"@type":"BreadcrumbList","@id":"https:\/\/canal.ugr.es\/UGR2031\/campus-singulares\/#breadcrumb","itemListElement":[{"@type":"ListItem","position":1,"name":"Portada","item":"https:\/\/canal.ugr.es\/UGR2031\/"},{"@type":"ListItem","position":2,"name":"Campus singulares"}]}]}},"_links":{"self":[{"href":"https:\/\/canal.ugr.es\/UGR2031\/wp-json\/wp\/v2\/pages\/56","targetHints":{"allow":["GET"]}}],"collection":[{"href":"https:\/\/canal.ugr.es\/UGR2031\/wp-json\/wp\/v2\/pages"}],"about":[{"href":"https:\/\/canal.ugr.es\/UGR2031\/wp-json\/wp\/v2\/types\/page"}],"author":[{"embeddable":true,"href":"https:\/\/canal.ugr.es\/UGR2031\/wp-json\/wp\/v2\/users\/1"}],"replies":[{"embeddable":true,"href":"https:\/\/canal.ugr.es\/UGR2031\/wp-json\/wp\/v2\/comments?post=56"}],"version-history":[{"count":25,"href":"https:\/\/canal.ugr.es\/UGR2031\/wp-json\/wp\/v2\/pages\/56\/revisions"}],"predecessor-version":[{"id":6595,"href":"https:\/\/canal.ugr.es\/UGR2031\/wp-json\/wp\/v2\/pages\/56\/revisions\/6595"}],"wp:featuredmedia":[{"embeddable":true,"href":"https:\/\/canal.ugr.es\/UGR2031\/wp-json\/wp\/v2\/media\/4223"}],"wp:attachment":[{"href":"https:\/\/canal.ugr.es\/UGR2031\/wp-json\/wp\/v2\/media?parent=56"}],"wp:term":[{"taxonomy":"eje","embeddable":true,"href":"https:\/\/canal.ugr.es\/UGR2031\/wp-json\/wp\/v2\/eje?post=56"}],"curies":[{"name":"wp","href":"https:\/\/api.w.org\/{rel}","templated":true}]}}