{"id":5015,"date":"2022-04-20T14:37:50","date_gmt":"2022-04-20T12:37:50","guid":{"rendered":"https:\/\/canal.ugr.es\/UGR2031\/?page_id=5015"},"modified":"2022-05-03T16:48:19","modified_gmt":"2022-05-03T14:48:19","slug":"buen-gobierno","status":"publish","type":"page","link":"https:\/\/canal.ugr.es\/UGR2031\/ejes-y-lineas-estrategicas\/buen-gobierno\/","title":{"rendered":"Buen gobierno"},"content":{"rendered":"\n<p><\/p>\n\n\n\n<div class=\"wp-block-columns is-layout-flex wp-container-core-columns-is-layout-9d6595d7 wp-block-columns-is-layout-flex\">\n<div class=\"wp-block-column is-layout-flow wp-block-column-is-layout-flow\" style=\"flex-basis:20%\"><\/div>\n\n\n\n<div class=\"wp-block-column is-layout-flow wp-block-column-is-layout-flow\" style=\"flex-basis:80%\">\n<p class=\"has-medium-font-size\">Queremos ser una instituci\u00f3n con un modelo de gobernanza participativo, flexible e inteligente, basado en la gesti\u00f3n \u00e1gil, transparente e inclusiva y orientado a la cultura de evaluaci\u00f3n en la gesti\u00f3n y rendici\u00f3n de cuentas a la sociedad. Queremos integrar y redise\u00f1ar de manera permanente nuestros procesos de gesti\u00f3n para adaptarlos a las necesidades de las personas usuarias a trav\u00e9s de la adopci\u00f3n de una estrategia omnicanal de relaci\u00f3n con nuestra instituci\u00f3n que les proporcione una experiencia satisfactoria. Queremos optimizar la gesti\u00f3n de nuestros activos y patrimonio e impulsar la captaci\u00f3n de nuevas fuentes de financiaci\u00f3n alternativas que permitan la sostenibilidad financiera de la instituci\u00f3n.<\/p>\n<\/div>\n<\/div>\n","protected":false},"excerpt":{"rendered":"<p>orientado al desarrollo de la organizaci\u00f3n,<br \/>\nla gesti\u00f3n \u00e1gil y transparente y la sostenibilidad financiera<\/p>\n","protected":false},"author":1,"featured_media":4286,"parent":62,"menu_order":16,"comment_status":"closed","ping_status":"closed","template":"","meta":{"site-sidebar-layout":"default","site-content-layout":"default","ast-main-header-display":"","ast-hfb-above-header-display":"","ast-hfb-below-header-display":"","ast-hfb-mobile-header-display":"","site-post-title":"","ast-breadcrumbs-content":"","ast-featured-img":"","footer-sml-layout":"","theme-transparent-header-meta":"","adv-header-id-meta":"","stick-header-meta":"","header-above-stick-meta":"","header-main-stick-meta":"","header-below-stick-meta":"","footnotes":""},"eje":[6],"class_list":["post-5015","page","type-page","status-publish","has-post-thumbnail","hentry"],"yoast_head":"<!-- This site is optimized with the Yoast SEO plugin v18.9 - https:\/\/yoast.com\/wordpress\/plugins\/seo\/ -->\n<title>Buen gobierno - Plan Estrat\u00e9gico UGR 2031<\/title>\n<meta name=\"robots\" content=\"index, follow, max-snippet:-1, max-image-preview:large, max-video-preview:-1\" \/>\n<link rel=\"canonical\" href=\"https:\/\/canal.ugr.es\/UGR2031\/ejes-y-lineas-estrategicas\/buen-gobierno\/\" \/>\n<meta property=\"og:locale\" content=\"es_ES\" \/>\n<meta property=\"og:type\" content=\"article\" \/>\n<meta property=\"og:title\" content=\"Buen gobierno - Plan Estrat\u00e9gico UGR 2031\" \/>\n<meta property=\"og:description\" content=\"orientado al desarrollo de la organizaci\u00f3n, la gesti\u00f3n \u00e1gil y transparente y la sostenibilidad financiera\" \/>\n<meta property=\"og:url\" content=\"https:\/\/canal.ugr.es\/UGR2031\/ejes-y-lineas-estrategicas\/buen-gobierno\/\" \/>\n<meta property=\"og:site_name\" content=\"Plan Estrat\u00e9gico UGR 2031\" \/>\n<meta property=\"article:modified_time\" content=\"2022-05-03T14:48:19+00:00\" \/>\n<meta property=\"og:image\" content=\"https:\/\/canal.ugr.es\/UGR2031\/wp-content\/uploads\/2022\/04\/MG_2428-copia.jpg\" \/>\n\t<meta property=\"og:image:width\" content=\"1920\" \/>\n\t<meta property=\"og:image:height\" content=\"1080\" \/>\n\t<meta property=\"og:image:type\" content=\"image\/jpeg\" \/>\n<meta name=\"twitter:card\" content=\"summary_large_image\" \/>\n<meta name=\"twitter:label1\" content=\"Tiempo de lectura\" \/>\n\t<meta name=\"twitter:data1\" content=\"1 minuto\" \/>\n<script type=\"application\/ld+json\" class=\"yoast-schema-graph\">{\"@context\":\"https:\/\/schema.org\",\"@graph\":[{\"@type\":\"WebSite\",\"@id\":\"https:\/\/canal.ugr.es\/UGR2031\/#website\",\"url\":\"https:\/\/canal.ugr.es\/UGR2031\/\",\"name\":\"Plan Estrat\u00e9gico UGR 2031\",\"description\":\"Plan estrat\u00e9gico 2031 de la Universidad de Granada\",\"potentialAction\":[{\"@type\":\"SearchAction\",\"target\":{\"@type\":\"EntryPoint\",\"urlTemplate\":\"https:\/\/canal.ugr.es\/UGR2031\/?s={search_term_string}\"},\"query-input\":\"required name=search_term_string\"}],\"inLanguage\":\"es\"},{\"@type\":\"ImageObject\",\"inLanguage\":\"es\",\"@id\":\"https:\/\/canal.ugr.es\/UGR2031\/ejes-y-lineas-estrategicas\/buen-gobierno\/#primaryimage\",\"url\":\"https:\/\/canal.ugr.es\/UGR2031\/wp-content\/uploads\/2022\/04\/MG_2428-copia.jpg\",\"contentUrl\":\"https:\/\/canal.ugr.es\/UGR2031\/wp-content\/uploads\/2022\/04\/MG_2428-copia.jpg\",\"width\":1920,\"height\":1080},{\"@type\":\"WebPage\",\"@id\":\"https:\/\/canal.ugr.es\/UGR2031\/ejes-y-lineas-estrategicas\/buen-gobierno\/#webpage\",\"url\":\"https:\/\/canal.ugr.es\/UGR2031\/ejes-y-lineas-estrategicas\/buen-gobierno\/\",\"name\":\"Buen gobierno - Plan Estrat\u00e9gico UGR 2031\",\"isPartOf\":{\"@id\":\"https:\/\/canal.ugr.es\/UGR2031\/#website\"},\"primaryImageOfPage\":{\"@id\":\"https:\/\/canal.ugr.es\/UGR2031\/ejes-y-lineas-estrategicas\/buen-gobierno\/#primaryimage\"},\"datePublished\":\"2022-04-20T12:37:50+00:00\",\"dateModified\":\"2022-05-03T14:48:19+00:00\",\"breadcrumb\":{\"@id\":\"https:\/\/canal.ugr.es\/UGR2031\/ejes-y-lineas-estrategicas\/buen-gobierno\/#breadcrumb\"},\"inLanguage\":\"es\",\"potentialAction\":[{\"@type\":\"ReadAction\",\"target\":[\"https:\/\/canal.ugr.es\/UGR2031\/ejes-y-lineas-estrategicas\/buen-gobierno\/\"]}]},{\"@type\":\"BreadcrumbList\",\"@id\":\"https:\/\/canal.ugr.es\/UGR2031\/ejes-y-lineas-estrategicas\/buen-gobierno\/#breadcrumb\",\"itemListElement\":[{\"@type\":\"ListItem\",\"position\":1,\"name\":\"Portada\",\"item\":\"https:\/\/canal.ugr.es\/UGR2031\/\"},{\"@type\":\"ListItem\",\"position\":2,\"name\":\"Ejes y l\u00edneas estrat\u00e9gicas\",\"item\":\"https:\/\/canal.ugr.es\/UGR2031\/ejes-y-lineas-estrategicas\/\"},{\"@type\":\"ListItem\",\"position\":3,\"name\":\"Buen gobierno\"}]}]}<\/script>\n<!-- \/ Yoast SEO plugin. -->","yoast_head_json":{"title":"Buen gobierno - Plan Estrat\u00e9gico UGR 2031","robots":{"index":"index","follow":"follow","max-snippet":"max-snippet:-1","max-image-preview":"max-image-preview:large","max-video-preview":"max-video-preview:-1"},"canonical":"https:\/\/canal.ugr.es\/UGR2031\/ejes-y-lineas-estrategicas\/buen-gobierno\/","og_locale":"es_ES","og_type":"article","og_title":"Buen gobierno - Plan Estrat\u00e9gico UGR 2031","og_description":"orientado al desarrollo de la organizaci\u00f3n, la gesti\u00f3n \u00e1gil y transparente y la sostenibilidad financiera","og_url":"https:\/\/canal.ugr.es\/UGR2031\/ejes-y-lineas-estrategicas\/buen-gobierno\/","og_site_name":"Plan Estrat\u00e9gico UGR 2031","article_modified_time":"2022-05-03T14:48:19+00:00","og_image":[{"width":1920,"height":1080,"url":"https:\/\/canal.ugr.es\/UGR2031\/wp-content\/uploads\/2022\/04\/MG_2428-copia.jpg","type":"image\/jpeg"}],"twitter_card":"summary_large_image","twitter_misc":{"Tiempo de lectura":"1 minuto"},"schema":{"@context":"https:\/\/schema.org","@graph":[{"@type":"WebSite","@id":"https:\/\/canal.ugr.es\/UGR2031\/#website","url":"https:\/\/canal.ugr.es\/UGR2031\/","name":"Plan Estrat\u00e9gico UGR 2031","description":"Plan estrat\u00e9gico 2031 de la Universidad de Granada","potentialAction":[{"@type":"SearchAction","target":{"@type":"EntryPoint","urlTemplate":"https:\/\/canal.ugr.es\/UGR2031\/?s={search_term_string}"},"query-input":"required name=search_term_string"}],"inLanguage":"es"},{"@type":"ImageObject","inLanguage":"es","@id":"https:\/\/canal.ugr.es\/UGR2031\/ejes-y-lineas-estrategicas\/buen-gobierno\/#primaryimage","url":"https:\/\/canal.ugr.es\/UGR2031\/wp-content\/uploads\/2022\/04\/MG_2428-copia.jpg","contentUrl":"https:\/\/canal.ugr.es\/UGR2031\/wp-content\/uploads\/2022\/04\/MG_2428-copia.jpg","width":1920,"height":1080},{"@type":"WebPage","@id":"https:\/\/canal.ugr.es\/UGR2031\/ejes-y-lineas-estrategicas\/buen-gobierno\/#webpage","url":"https:\/\/canal.ugr.es\/UGR2031\/ejes-y-lineas-estrategicas\/buen-gobierno\/","name":"Buen gobierno - Plan Estrat\u00e9gico UGR 2031","isPartOf":{"@id":"https:\/\/canal.ugr.es\/UGR2031\/#website"},"primaryImageOfPage":{"@id":"https:\/\/canal.ugr.es\/UGR2031\/ejes-y-lineas-estrategicas\/buen-gobierno\/#primaryimage"},"datePublished":"2022-04-20T12:37:50+00:00","dateModified":"2022-05-03T14:48:19+00:00","breadcrumb":{"@id":"https:\/\/canal.ugr.es\/UGR2031\/ejes-y-lineas-estrategicas\/buen-gobierno\/#breadcrumb"},"inLanguage":"es","potentialAction":[{"@type":"ReadAction","target":["https:\/\/canal.ugr.es\/UGR2031\/ejes-y-lineas-estrategicas\/buen-gobierno\/"]}]},{"@type":"BreadcrumbList","@id":"https:\/\/canal.ugr.es\/UGR2031\/ejes-y-lineas-estrategicas\/buen-gobierno\/#breadcrumb","itemListElement":[{"@type":"ListItem","position":1,"name":"Portada","item":"https:\/\/canal.ugr.es\/UGR2031\/"},{"@type":"ListItem","position":2,"name":"Ejes y l\u00edneas estrat\u00e9gicas","item":"https:\/\/canal.ugr.es\/UGR2031\/ejes-y-lineas-estrategicas\/"},{"@type":"ListItem","position":3,"name":"Buen gobierno"}]}]}},"_links":{"self":[{"href":"https:\/\/canal.ugr.es\/UGR2031\/wp-json\/wp\/v2\/pages\/5015","targetHints":{"allow":["GET"]}}],"collection":[{"href":"https:\/\/canal.ugr.es\/UGR2031\/wp-json\/wp\/v2\/pages"}],"about":[{"href":"https:\/\/canal.ugr.es\/UGR2031\/wp-json\/wp\/v2\/types\/page"}],"author":[{"embeddable":true,"href":"https:\/\/canal.ugr.es\/UGR2031\/wp-json\/wp\/v2\/users\/1"}],"replies":[{"embeddable":true,"href":"https:\/\/canal.ugr.es\/UGR2031\/wp-json\/wp\/v2\/comments?post=5015"}],"version-history":[{"count":4,"href":"https:\/\/canal.ugr.es\/UGR2031\/wp-json\/wp\/v2\/pages\/5015\/revisions"}],"predecessor-version":[{"id":6718,"href":"https:\/\/canal.ugr.es\/UGR2031\/wp-json\/wp\/v2\/pages\/5015\/revisions\/6718"}],"up":[{"embeddable":true,"href":"https:\/\/canal.ugr.es\/UGR2031\/wp-json\/wp\/v2\/pages\/62"}],"wp:featuredmedia":[{"embeddable":true,"href":"https:\/\/canal.ugr.es\/UGR2031\/wp-json\/wp\/v2\/media\/4286"}],"wp:attachment":[{"href":"https:\/\/canal.ugr.es\/UGR2031\/wp-json\/wp\/v2\/media?parent=5015"}],"wp:term":[{"taxonomy":"eje","embeddable":true,"href":"https:\/\/canal.ugr.es\/UGR2031\/wp-json\/wp\/v2\/eje?post=5015"}],"curies":[{"name":"wp","href":"https:\/\/api.w.org\/{rel}","templated":true}]}}