{"id":4964,"date":"2022-04-20T13:42:35","date_gmt":"2022-04-20T11:42:35","guid":{"rendered":"https:\/\/canal.ugr.es\/UGR2031\/?page_id=4964"},"modified":"2022-04-25T11:30:11","modified_gmt":"2022-04-25T09:30:11","slug":"universidad-socialmente-responsable","status":"publish","type":"page","link":"https:\/\/canal.ugr.es\/UGR2031\/ejes-y-lineas-estrategicas\/universidad-socialmente-responsable\/","title":{"rendered":"Universidad socialmente responsable"},"content":{"rendered":"\n<div class=\"wp-block-columns is-layout-flex wp-container-core-columns-is-layout-9d6595d7 wp-block-columns-is-layout-flex\">\n<div class=\"wp-block-column is-layout-flow wp-block-column-is-layout-flow\" style=\"flex-basis:20%\"><\/div>\n\n\n\n<div class=\"wp-block-column is-layout-flow wp-block-column-is-layout-flow\" style=\"flex-basis:80%\">\n<p class=\"has-medium-font-size\">Queremos ser una Universidad con un alto compromiso con el desarrollo sostenible. Queremos ser una instituci\u00f3n igualitaria e inclusiva que reconozca las diferencias y las convierta en fortalezas. Queremos ser una instituci\u00f3n generadora y dinamizadora de cultura con una fuerte presencia en los territorios en los que tenemos campus, a trav\u00e9s de su riqueza patrimonial. Queremos ser una Universidad que ponga en el centro el cuidado de las personas y del planeta, comprometida con sus barrios a trav\u00e9s del ejercicio de una ciencia ciudadana que convierta a la ciudad y la provincia de Granada y a las ciudades de Ceuta y Melilla en espacios de encuentro y convivencia pac\u00edfica.<\/p>\n<\/div>\n<\/div>\n","protected":false},"excerpt":{"rendered":"<p>comprometida con el desarrollo sostenible, implicada con su entorno y referente en la generaci\u00f3n de cultura<\/p>\n","protected":false},"author":1,"featured_media":4275,"parent":62,"menu_order":15,"comment_status":"closed","ping_status":"closed","template":"","meta":{"site-sidebar-layout":"default","site-content-layout":"default","ast-main-header-display":"","ast-hfb-above-header-display":"","ast-hfb-below-header-display":"","ast-hfb-mobile-header-display":"","site-post-title":"","ast-breadcrumbs-content":"","ast-featured-img":"","footer-sml-layout":"","theme-transparent-header-meta":"","adv-header-id-meta":"","stick-header-meta":"","header-above-stick-meta":"","header-main-stick-meta":"","header-below-stick-meta":"","footnotes":""},"eje":[7],"class_list":["post-4964","page","type-page","status-publish","has-post-thumbnail","hentry"],"yoast_head":"<!-- This site is optimized with the Yoast SEO plugin v18.9 - https:\/\/yoast.com\/wordpress\/plugins\/seo\/ -->\n<title>Universidad socialmente responsable - Plan Estrat\u00e9gico UGR 2031<\/title>\n<meta name=\"robots\" content=\"index, follow, max-snippet:-1, max-image-preview:large, max-video-preview:-1\" \/>\n<link rel=\"canonical\" href=\"https:\/\/canal.ugr.es\/UGR2031\/ejes-y-lineas-estrategicas\/universidad-socialmente-responsable\/\" \/>\n<meta property=\"og:locale\" content=\"es_ES\" \/>\n<meta property=\"og:type\" content=\"article\" \/>\n<meta property=\"og:title\" content=\"Universidad socialmente responsable - Plan Estrat\u00e9gico UGR 2031\" \/>\n<meta property=\"og:description\" content=\"comprometida con el desarrollo sostenible, implicada con su entorno y referente en la generaci\u00f3n de cultura\" \/>\n<meta property=\"og:url\" content=\"https:\/\/canal.ugr.es\/UGR2031\/ejes-y-lineas-estrategicas\/universidad-socialmente-responsable\/\" \/>\n<meta property=\"og:site_name\" content=\"Plan Estrat\u00e9gico UGR 2031\" \/>\n<meta property=\"article:modified_time\" content=\"2022-04-25T09:30:11+00:00\" \/>\n<meta property=\"og:image\" content=\"https:\/\/canal.ugr.es\/UGR2031\/wp-content\/uploads\/2022\/04\/220203-Madraza-6-copia.jpg\" \/>\n\t<meta property=\"og:image:width\" content=\"1280\" \/>\n\t<meta property=\"og:image:height\" content=\"1920\" \/>\n\t<meta property=\"og:image:type\" content=\"image\/jpeg\" \/>\n<meta name=\"twitter:card\" content=\"summary_large_image\" \/>\n<meta name=\"twitter:label1\" content=\"Tiempo de lectura\" \/>\n\t<meta name=\"twitter:data1\" content=\"1 minuto\" \/>\n<script type=\"application\/ld+json\" class=\"yoast-schema-graph\">{\"@context\":\"https:\/\/schema.org\",\"@graph\":[{\"@type\":\"WebSite\",\"@id\":\"https:\/\/canal.ugr.es\/UGR2031\/#website\",\"url\":\"https:\/\/canal.ugr.es\/UGR2031\/\",\"name\":\"Plan Estrat\u00e9gico UGR 2031\",\"description\":\"Plan estrat\u00e9gico 2031 de la Universidad de Granada\",\"potentialAction\":[{\"@type\":\"SearchAction\",\"target\":{\"@type\":\"EntryPoint\",\"urlTemplate\":\"https:\/\/canal.ugr.es\/UGR2031\/?s={search_term_string}\"},\"query-input\":\"required name=search_term_string\"}],\"inLanguage\":\"es\"},{\"@type\":\"ImageObject\",\"inLanguage\":\"es\",\"@id\":\"https:\/\/canal.ugr.es\/UGR2031\/ejes-y-lineas-estrategicas\/universidad-socialmente-responsable\/#primaryimage\",\"url\":\"https:\/\/canal.ugr.es\/UGR2031\/wp-content\/uploads\/2022\/04\/220203-Madraza-6-copia.jpg\",\"contentUrl\":\"https:\/\/canal.ugr.es\/UGR2031\/wp-content\/uploads\/2022\/04\/220203-Madraza-6-copia.jpg\",\"width\":1280,\"height\":1920},{\"@type\":\"WebPage\",\"@id\":\"https:\/\/canal.ugr.es\/UGR2031\/ejes-y-lineas-estrategicas\/universidad-socialmente-responsable\/#webpage\",\"url\":\"https:\/\/canal.ugr.es\/UGR2031\/ejes-y-lineas-estrategicas\/universidad-socialmente-responsable\/\",\"name\":\"Universidad socialmente responsable - Plan Estrat\u00e9gico UGR 2031\",\"isPartOf\":{\"@id\":\"https:\/\/canal.ugr.es\/UGR2031\/#website\"},\"primaryImageOfPage\":{\"@id\":\"https:\/\/canal.ugr.es\/UGR2031\/ejes-y-lineas-estrategicas\/universidad-socialmente-responsable\/#primaryimage\"},\"datePublished\":\"2022-04-20T11:42:35+00:00\",\"dateModified\":\"2022-04-25T09:30:11+00:00\",\"breadcrumb\":{\"@id\":\"https:\/\/canal.ugr.es\/UGR2031\/ejes-y-lineas-estrategicas\/universidad-socialmente-responsable\/#breadcrumb\"},\"inLanguage\":\"es\",\"potentialAction\":[{\"@type\":\"ReadAction\",\"target\":[\"https:\/\/canal.ugr.es\/UGR2031\/ejes-y-lineas-estrategicas\/universidad-socialmente-responsable\/\"]}]},{\"@type\":\"BreadcrumbList\",\"@id\":\"https:\/\/canal.ugr.es\/UGR2031\/ejes-y-lineas-estrategicas\/universidad-socialmente-responsable\/#breadcrumb\",\"itemListElement\":[{\"@type\":\"ListItem\",\"position\":1,\"name\":\"Portada\",\"item\":\"https:\/\/canal.ugr.es\/UGR2031\/\"},{\"@type\":\"ListItem\",\"position\":2,\"name\":\"Ejes y l\u00edneas estrat\u00e9gicas\",\"item\":\"https:\/\/canal.ugr.es\/UGR2031\/ejes-y-lineas-estrategicas\/\"},{\"@type\":\"ListItem\",\"position\":3,\"name\":\"Universidad socialmente responsable\"}]}]}<\/script>\n<!-- \/ Yoast SEO plugin. -->","yoast_head_json":{"title":"Universidad socialmente responsable - Plan Estrat\u00e9gico UGR 2031","robots":{"index":"index","follow":"follow","max-snippet":"max-snippet:-1","max-image-preview":"max-image-preview:large","max-video-preview":"max-video-preview:-1"},"canonical":"https:\/\/canal.ugr.es\/UGR2031\/ejes-y-lineas-estrategicas\/universidad-socialmente-responsable\/","og_locale":"es_ES","og_type":"article","og_title":"Universidad socialmente responsable - Plan Estrat\u00e9gico UGR 2031","og_description":"comprometida con el desarrollo sostenible, implicada con su entorno y referente en la generaci\u00f3n de cultura","og_url":"https:\/\/canal.ugr.es\/UGR2031\/ejes-y-lineas-estrategicas\/universidad-socialmente-responsable\/","og_site_name":"Plan Estrat\u00e9gico UGR 2031","article_modified_time":"2022-04-25T09:30:11+00:00","og_image":[{"width":1280,"height":1920,"url":"https:\/\/canal.ugr.es\/UGR2031\/wp-content\/uploads\/2022\/04\/220203-Madraza-6-copia.jpg","type":"image\/jpeg"}],"twitter_card":"summary_large_image","twitter_misc":{"Tiempo de lectura":"1 minuto"},"schema":{"@context":"https:\/\/schema.org","@graph":[{"@type":"WebSite","@id":"https:\/\/canal.ugr.es\/UGR2031\/#website","url":"https:\/\/canal.ugr.es\/UGR2031\/","name":"Plan Estrat\u00e9gico UGR 2031","description":"Plan estrat\u00e9gico 2031 de la Universidad de Granada","potentialAction":[{"@type":"SearchAction","target":{"@type":"EntryPoint","urlTemplate":"https:\/\/canal.ugr.es\/UGR2031\/?s={search_term_string}"},"query-input":"required name=search_term_string"}],"inLanguage":"es"},{"@type":"ImageObject","inLanguage":"es","@id":"https:\/\/canal.ugr.es\/UGR2031\/ejes-y-lineas-estrategicas\/universidad-socialmente-responsable\/#primaryimage","url":"https:\/\/canal.ugr.es\/UGR2031\/wp-content\/uploads\/2022\/04\/220203-Madraza-6-copia.jpg","contentUrl":"https:\/\/canal.ugr.es\/UGR2031\/wp-content\/uploads\/2022\/04\/220203-Madraza-6-copia.jpg","width":1280,"height":1920},{"@type":"WebPage","@id":"https:\/\/canal.ugr.es\/UGR2031\/ejes-y-lineas-estrategicas\/universidad-socialmente-responsable\/#webpage","url":"https:\/\/canal.ugr.es\/UGR2031\/ejes-y-lineas-estrategicas\/universidad-socialmente-responsable\/","name":"Universidad socialmente responsable - Plan Estrat\u00e9gico UGR 2031","isPartOf":{"@id":"https:\/\/canal.ugr.es\/UGR2031\/#website"},"primaryImageOfPage":{"@id":"https:\/\/canal.ugr.es\/UGR2031\/ejes-y-lineas-estrategicas\/universidad-socialmente-responsable\/#primaryimage"},"datePublished":"2022-04-20T11:42:35+00:00","dateModified":"2022-04-25T09:30:11+00:00","breadcrumb":{"@id":"https:\/\/canal.ugr.es\/UGR2031\/ejes-y-lineas-estrategicas\/universidad-socialmente-responsable\/#breadcrumb"},"inLanguage":"es","potentialAction":[{"@type":"ReadAction","target":["https:\/\/canal.ugr.es\/UGR2031\/ejes-y-lineas-estrategicas\/universidad-socialmente-responsable\/"]}]},{"@type":"BreadcrumbList","@id":"https:\/\/canal.ugr.es\/UGR2031\/ejes-y-lineas-estrategicas\/universidad-socialmente-responsable\/#breadcrumb","itemListElement":[{"@type":"ListItem","position":1,"name":"Portada","item":"https:\/\/canal.ugr.es\/UGR2031\/"},{"@type":"ListItem","position":2,"name":"Ejes y l\u00edneas estrat\u00e9gicas","item":"https:\/\/canal.ugr.es\/UGR2031\/ejes-y-lineas-estrategicas\/"},{"@type":"ListItem","position":3,"name":"Universidad socialmente responsable"}]}]}},"_links":{"self":[{"href":"https:\/\/canal.ugr.es\/UGR2031\/wp-json\/wp\/v2\/pages\/4964","targetHints":{"allow":["GET"]}}],"collection":[{"href":"https:\/\/canal.ugr.es\/UGR2031\/wp-json\/wp\/v2\/pages"}],"about":[{"href":"https:\/\/canal.ugr.es\/UGR2031\/wp-json\/wp\/v2\/types\/page"}],"author":[{"embeddable":true,"href":"https:\/\/canal.ugr.es\/UGR2031\/wp-json\/wp\/v2\/users\/1"}],"replies":[{"embeddable":true,"href":"https:\/\/canal.ugr.es\/UGR2031\/wp-json\/wp\/v2\/comments?post=4964"}],"version-history":[{"count":3,"href":"https:\/\/canal.ugr.es\/UGR2031\/wp-json\/wp\/v2\/pages\/4964\/revisions"}],"predecessor-version":[{"id":5025,"href":"https:\/\/canal.ugr.es\/UGR2031\/wp-json\/wp\/v2\/pages\/4964\/revisions\/5025"}],"up":[{"embeddable":true,"href":"https:\/\/canal.ugr.es\/UGR2031\/wp-json\/wp\/v2\/pages\/62"}],"wp:featuredmedia":[{"embeddable":true,"href":"https:\/\/canal.ugr.es\/UGR2031\/wp-json\/wp\/v2\/media\/4275"}],"wp:attachment":[{"href":"https:\/\/canal.ugr.es\/UGR2031\/wp-json\/wp\/v2\/media?parent=4964"}],"wp:term":[{"taxonomy":"eje","embeddable":true,"href":"https:\/\/canal.ugr.es\/UGR2031\/wp-json\/wp\/v2\/eje?post=4964"}],"curies":[{"name":"wp","href":"https:\/\/api.w.org\/{rel}","templated":true}]}}