{"id":18,"date":"2022-02-21T12:35:57","date_gmt":"2022-02-21T11:35:57","guid":{"rendered":"https:\/\/canal.ugr.es\/UGR2031\/?page_id=18"},"modified":"2023-03-23T09:48:04","modified_gmt":"2023-03-23T08:48:04","slug":"proyectos-transformadores","status":"publish","type":"page","link":"https:\/\/canal.ugr.es\/UGR2031\/proyectos-transformadores\/","title":{"rendered":"Proyectos transformadores"},"content":{"rendered":"\n<h2 class=\"has-ast-global-color-1-color has-text-color wp-block-heading\"><mark style=\"background-color:rgba(0, 0, 0, 0)\" class=\"has-inline-color has-ast-global-color-1-color\"><strong><a data-type=\"page\" data-id=\"5079\" href=\"https:\/\/canal.ugr.es\/UGR2031\/proyectos-transformadores\/proyecto-horizonte-v-centenario\/\">Proyecto Horizonte V Centenario<\/a><\/strong><\/mark><\/h2>\n\n\n\n<div style=\"height:2vw\" aria-hidden=\"true\" class=\"wp-block-spacer\"><\/div>\n\n\n\n<p>Hace ya casi 500 a\u00f1os que la Universidad de Granada abri\u00f3 sus puertas al conocimiento. Con ocasi\u00f3n de su estancia en la ciudad y en el contexto de los acuerdos adoptados por la Congregaci\u00f3n la Capilla Real, el emperador Carlos V firm\u00f3, el 7 de diciembre de 1526, la Real C\u00e9dula por la cual se institu\u00edan los Estudios Generales en Granada. M\u00e1s tarde, atendiendo la petici\u00f3n del emperador, el papa Clemente VII, mediante la bula expedida el 14 de julio de 1531, confirmar\u00e1 la fundaci\u00f3n y desarrollo de la Universidad de Granada. <strong><a href=\"https:\/\/canal.ugr.es\/UGR2031\/proyectos-transformadores\/proyecto-horizonte-v-centenario\/\" data-type=\"page\" data-id=\"5079\">Ver Proyecto Horizonte V Centenario<\/a><\/strong><\/p>\n\n\n\n<div style=\"height:7vw\" aria-hidden=\"true\" class=\"wp-block-spacer\"><\/div>\n\n\n\n<div class=\"wp-block-columns is-layout-flex wp-container-core-columns-is-layout-9d6595d7 wp-block-columns-is-layout-flex\">\n<div class=\"wp-block-column nodisplay is-layout-flow wp-block-column-is-layout-flow\" style=\"flex-basis:20%\"><\/div>\n\n\n\n<div class=\"wp-block-column is-layout-flow wp-block-column-is-layout-flow\" style=\"flex-basis:80%\">\n<h2 class=\"wp-block-heading\"><strong><a href=\"https:\/\/canal.ugr.es\/UGR2031\/proyectos-transformadores\/alianza-arqus\/\" data-type=\"URL\" data-id=\"https:\/\/canal.ugr.es\/UGR2031\/proyectos-transformadores\/alianza-arqus\/\">Alianza Arqus<\/a><\/strong><\/h2>\n\n\n\n<div style=\"height:2vw\" aria-hidden=\"true\" class=\"wp-block-spacer\"><\/div>\n\n\n\n<p>Las Universidades Europeas son una iniciativa de la Comisi\u00f3n Europea, que consiste en promover alianzas transnacionales llamadas a convertirse en las universidades del futuro, a fomentar los valores y la identidad europeos y a revolucionar la calidad y la competitividad de la educaci\u00f3n superior europea. Las alianzas abarcan un amplio espacio geogr\u00e1fico en toda Europa y se basan en una estrategia planificada conjuntamente a largo plazo y centrada en la sostenibilidad, la excelencia y los valores europeos. <strong><a href=\"https:\/\/canal.ugr.es\/UGR2031\/proyectos-transformadores\/alianza-arqus\/\" data-type=\"URL\" data-id=\"https:\/\/canal.ugr.es\/UGR2031\/proyectos-transformadores\/alianza-arqus\/\">Ver Proyecto Alianza Arqus<\/a><\/strong><\/p>\n<\/div>\n<\/div>\n\n\n\n<div style=\"height:7vw\" aria-hidden=\"true\" class=\"wp-block-spacer\"><\/div>\n\n\n\n<div class=\"wp-block-columns is-layout-flex wp-container-core-columns-is-layout-9d6595d7 wp-block-columns-is-layout-flex\">\n<div class=\"wp-block-column is-layout-flow wp-block-column-is-layout-flow\" style=\"flex-basis:80%\">\n<h2 class=\"has-ast-global-color-1-color has-text-color wp-block-heading\"><mark style=\"background-color:rgba(0, 0, 0, 0)\" class=\"has-inline-color has-ast-global-color-1-color\"><strong><a href=\"\/proyectos-transformadores\/proyecto-ugr-dones\/\"><\/a><a href=\"https:\/\/canal.ugr.es\/UGR2031\/proyectos-transformadores\/proyecto-ugr-dones\/\">Proyecto UGR-DONES<\/a><\/strong><\/mark><\/h2>\n\n\n\n<div style=\"height:2vw\" aria-hidden=\"true\" class=\"wp-block-spacer\"><\/div>\n\n\n\n<p>La UGR est\u00e1 implementando en Granada, junto con el CIEMAT, el proyecto del Acelerador de Part\u00edculas IFMIF-Dones, siendo actualmente considerado un European Research Infrastructure Consortium (ERIC) en Europa, con un consorcio ya constituido para su puesta en marcha y su ejecuci\u00f3n. Este proyecto se enmarca en el ambicioso programa que la UE est\u00e1 desplegando para desarrollar la fusi\u00f3n como fuente de energ\u00eda en proyecto cient\u00edfico tecnol\u00f3gico de dimensi\u00f3n internacional. <strong><a href=\"https:\/\/canal.ugr.es\/UGR2031\/proyectos-transformadores\/proyecto-ugr-dones\/\">Ver Proyecto UGR-DONES<\/a><\/strong><\/p>\n<\/div>\n\n\n\n<div class=\"wp-block-column nodisplay is-layout-flow wp-block-column-is-layout-flow\" style=\"flex-basis:20%\"><\/div>\n<\/div>\n\n\n\n<div style=\"height:7vw\" aria-hidden=\"true\" class=\"wp-block-spacer\"><\/div>\n\n\n\n<div class=\"wp-block-columns is-layout-flex wp-container-core-columns-is-layout-9d6595d7 wp-block-columns-is-layout-flex\">\n<div class=\"wp-block-column nodisplay is-layout-flow wp-block-column-is-layout-flow\" style=\"flex-basis:20%\"><\/div>\n\n\n\n<div class=\"wp-block-column is-layout-flow wp-block-column-is-layout-flow\" style=\"flex-basis:80%\">\n<h2 class=\"wp-block-heading\"><a href=\"https:\/\/canal.ugr.es\/UGR2031\/proyectos-transformadores\/proyecto-ugr-ai\/\"><strong>Proyecto UGR-AI<\/strong><\/a><\/h2>\n\n\n\n<div style=\"height:20px\" aria-hidden=\"true\" class=\"wp-block-spacer\"><\/div>\n\n\n\n<p>Est\u00e1 ligado al proyecto de resiliencia presentado por la UGR cuyo objetivo es la creaci\u00f3n de un \u00abCentro Andaluz de Innovaci\u00f3n y Digitalizaci\u00f3n: Inteligencia Artificial, Ciberseguridad, Entornos Virtuales y 5G (CAID)\u00bb que, con un presupuesto de 48,5 millones de euros, integra a todos los grupos de investigaci\u00f3n en transformaci\u00f3n digital de la UGR y tambi\u00e9n a grupos de la Universidades de Ja\u00e9n y C\u00f3rdoba. <strong><a data-type=\"URL\" data-id=\"https:\/\/canal.ugr.es\/UGR2031\/proyectos-transformadores\/proyecto-ugr-ai\/\" href=\"https:\/\/canal.ugr.es\/UGR2031\/proyectos-transformadores\/proyecto-ugr-ai\/\">Ver Proyecto UGR-AI<\/a><\/strong><\/p>\n<\/div>\n<\/div>\n\n\n\n<div style=\"height:7vw\" aria-hidden=\"true\" class=\"wp-block-spacer\"><\/div>\n\n\n\n<div class=\"wp-block-columns is-layout-flex wp-container-core-columns-is-layout-9d6595d7 wp-block-columns-is-layout-flex\">\n<div class=\"wp-block-column is-layout-flow wp-block-column-is-layout-flow\" style=\"flex-basis:80%\">\n<h2 class=\"has-ast-global-color-1-color has-text-color wp-block-heading\"><mark style=\"background-color:rgba(0, 0, 0, 0)\" class=\"has-inline-color has-ast-global-color-1-color\"><strong><a data-type=\"URL\" data-id=\"https:\/\/canal.ugr.es\/UGR2031\/proyectos-transformadores\/proyecto-ugr-sostenibilidad\/\" href=\"https:\/\/canal.ugr.es\/UGR2031\/proyectos-transformadores\/proyecto-ugr-sostenibilidad\/\">Proyecto UGR-Sostenibilidad<\/a><\/strong><\/mark><\/h2>\n\n\n\n<div style=\"height:20px\" aria-hidden=\"true\" class=\"wp-block-spacer\"><\/div>\n\n\n\n<p>Este proyecto est\u00e1 ligado al proyecto de resiliencia presentado por la UGR \u00abAndalusian Innovation Green Hub on Artificial Intelligence &amp; Geodesign for e-Biodiversity Services &#8211; AI2 Green BioHub\u00bb que, con un presupuesto de 48 millones de euros, integra las ac- ciones de innovaci\u00f3n en sostenibilidad y transici\u00f3n ecol\u00f3gica de los grupos de la Universidad de Granada, Universidad de Huelva y de LifeWacth ERIC. Este proyecto se fundamente en un hito pre- vio importante que es que la UGR ha conseguido un proyecto de LifeWatch ERIC: \u00abThematic Center On Mountain Ecosystem &amp; Remote Sensing, Deep Learning-Ai E-Services University of Granada-Sierra Nevada (Smart EcoMountains)\u00bb. <strong><a href=\"https:\/\/canal.ugr.es\/UGR2031\/proyectos-transformadores\/proyecto-ugr-sostenibilidad\/\" data-type=\"URL\" data-id=\"https:\/\/canal.ugr.es\/UGR2031\/proyectos-transformadores\/proyecto-ugr-sostenibilidad\/\">Ver Proyecto UGR-Sostenibilidad<\/a><\/strong><\/p>\n<\/div>\n\n\n\n<div class=\"wp-block-column nodisplay is-layout-flow wp-block-column-is-layout-flow\" style=\"flex-basis:20%\"><\/div>\n<\/div>\n","protected":false},"excerpt":{"rendered":"<p>La UGR se ver\u00e1 impulsada por Proyectos transformadores de gran dimensi\u00f3n en los que est\u00e1 actualmente inmersa la instituci\u00f3n y que deben servir como proyectos tractores para transformarla en la pr\u00f3xima d\u00e9cada, como son UGR-DONES, UGR-AI y UGR-Sostenibilidad, todos ellos dentro del marco de celebraci\u00f3n del V Centenario de la UGR y de la Alianza Arqus.<\/p>\n","protected":false},"author":1,"featured_media":4234,"parent":0,"menu_order":19,"comment_status":"closed","ping_status":"closed","template":"","meta":{"site-sidebar-layout":"default","site-content-layout":"default","ast-main-header-display":"","ast-hfb-above-header-display":"","ast-hfb-below-header-display":"","ast-hfb-mobile-header-display":"","site-post-title":"","ast-breadcrumbs-content":"","ast-featured-img":"","footer-sml-layout":"","theme-transparent-header-meta":"","adv-header-id-meta":"","stick-header-meta":"","header-above-stick-meta":"","header-main-stick-meta":"","header-below-stick-meta":"","footnotes":""},"eje":[],"class_list":["post-18","page","type-page","status-publish","has-post-thumbnail","hentry"],"yoast_head":"<!-- This site is optimized with the Yoast SEO plugin v18.9 - https:\/\/yoast.com\/wordpress\/plugins\/seo\/ -->\n<title>Proyectos transformadores - Plan Estrat\u00e9gico UGR 2031<\/title>\n<meta name=\"robots\" content=\"index, follow, max-snippet:-1, max-image-preview:large, max-video-preview:-1\" \/>\n<link rel=\"canonical\" href=\"https:\/\/canal.ugr.es\/UGR2031\/proyectos-transformadores\/\" \/>\n<meta property=\"og:locale\" content=\"es_ES\" \/>\n<meta property=\"og:type\" content=\"article\" \/>\n<meta property=\"og:title\" content=\"Proyectos transformadores - Plan Estrat\u00e9gico UGR 2031\" \/>\n<meta property=\"og:description\" content=\"La UGR se ver\u00e1 impulsada por Proyectos transformadores de gran dimensi\u00f3n en los que est\u00e1 actualmente inmersa la instituci\u00f3n y que deben servir como proyectos tractores para transformarla en la pr\u00f3xima d\u00e9cada, como son UGR-DONES, UGR-AI y UGR-Sostenibilidad, todos ellos dentro del marco de celebraci\u00f3n del V Centenario de la UGR y de la Alianza Arqus.\" \/>\n<meta property=\"og:url\" content=\"https:\/\/canal.ugr.es\/UGR2031\/proyectos-transformadores\/\" \/>\n<meta property=\"og:site_name\" content=\"Plan Estrat\u00e9gico UGR 2031\" \/>\n<meta property=\"article:modified_time\" content=\"2023-03-23T08:48:04+00:00\" \/>\n<meta property=\"og:image\" content=\"https:\/\/canal.ugr.es\/UGR2031\/wp-content\/uploads\/2022\/04\/MG_7702-copia.jpg\" \/>\n\t<meta property=\"og:image:width\" content=\"1280\" \/>\n\t<meta property=\"og:image:height\" content=\"1920\" \/>\n\t<meta property=\"og:image:type\" content=\"image\/jpeg\" \/>\n<meta name=\"twitter:card\" content=\"summary_large_image\" \/>\n<meta name=\"twitter:label1\" content=\"Tiempo de lectura\" \/>\n\t<meta name=\"twitter:data1\" content=\"2 minutos\" \/>\n<script type=\"application\/ld+json\" class=\"yoast-schema-graph\">{\"@context\":\"https:\/\/schema.org\",\"@graph\":[{\"@type\":\"WebSite\",\"@id\":\"https:\/\/canal.ugr.es\/UGR2031\/#website\",\"url\":\"https:\/\/canal.ugr.es\/UGR2031\/\",\"name\":\"Plan Estrat\u00e9gico UGR 2031\",\"description\":\"Plan estrat\u00e9gico 2031 de la Universidad de Granada\",\"potentialAction\":[{\"@type\":\"SearchAction\",\"target\":{\"@type\":\"EntryPoint\",\"urlTemplate\":\"https:\/\/canal.ugr.es\/UGR2031\/?s={search_term_string}\"},\"query-input\":\"required name=search_term_string\"}],\"inLanguage\":\"es\"},{\"@type\":\"ImageObject\",\"inLanguage\":\"es\",\"@id\":\"https:\/\/canal.ugr.es\/UGR2031\/proyectos-transformadores\/#primaryimage\",\"url\":\"https:\/\/canal.ugr.es\/UGR2031\/wp-content\/uploads\/2022\/04\/MG_7702-copia.jpg\",\"contentUrl\":\"https:\/\/canal.ugr.es\/UGR2031\/wp-content\/uploads\/2022\/04\/MG_7702-copia.jpg\",\"width\":1280,\"height\":1920},{\"@type\":\"WebPage\",\"@id\":\"https:\/\/canal.ugr.es\/UGR2031\/proyectos-transformadores\/#webpage\",\"url\":\"https:\/\/canal.ugr.es\/UGR2031\/proyectos-transformadores\/\",\"name\":\"Proyectos transformadores - Plan Estrat\u00e9gico UGR 2031\",\"isPartOf\":{\"@id\":\"https:\/\/canal.ugr.es\/UGR2031\/#website\"},\"primaryImageOfPage\":{\"@id\":\"https:\/\/canal.ugr.es\/UGR2031\/proyectos-transformadores\/#primaryimage\"},\"datePublished\":\"2022-02-21T11:35:57+00:00\",\"dateModified\":\"2023-03-23T08:48:04+00:00\",\"breadcrumb\":{\"@id\":\"https:\/\/canal.ugr.es\/UGR2031\/proyectos-transformadores\/#breadcrumb\"},\"inLanguage\":\"es\",\"potentialAction\":[{\"@type\":\"ReadAction\",\"target\":[\"https:\/\/canal.ugr.es\/UGR2031\/proyectos-transformadores\/\"]}]},{\"@type\":\"BreadcrumbList\",\"@id\":\"https:\/\/canal.ugr.es\/UGR2031\/proyectos-transformadores\/#breadcrumb\",\"itemListElement\":[{\"@type\":\"ListItem\",\"position\":1,\"name\":\"Portada\",\"item\":\"https:\/\/canal.ugr.es\/UGR2031\/\"},{\"@type\":\"ListItem\",\"position\":2,\"name\":\"Proyectos transformadores\"}]}]}<\/script>\n<!-- \/ Yoast SEO plugin. -->","yoast_head_json":{"title":"Proyectos transformadores - Plan Estrat\u00e9gico UGR 2031","robots":{"index":"index","follow":"follow","max-snippet":"max-snippet:-1","max-image-preview":"max-image-preview:large","max-video-preview":"max-video-preview:-1"},"canonical":"https:\/\/canal.ugr.es\/UGR2031\/proyectos-transformadores\/","og_locale":"es_ES","og_type":"article","og_title":"Proyectos transformadores - Plan Estrat\u00e9gico UGR 2031","og_description":"La UGR se ver\u00e1 impulsada por Proyectos transformadores de gran dimensi\u00f3n en los que est\u00e1 actualmente inmersa la instituci\u00f3n y que deben servir como proyectos tractores para transformarla en la pr\u00f3xima d\u00e9cada, como son UGR-DONES, UGR-AI y UGR-Sostenibilidad, todos ellos dentro del marco de celebraci\u00f3n del V Centenario de la UGR y de la Alianza Arqus.","og_url":"https:\/\/canal.ugr.es\/UGR2031\/proyectos-transformadores\/","og_site_name":"Plan Estrat\u00e9gico UGR 2031","article_modified_time":"2023-03-23T08:48:04+00:00","og_image":[{"width":1280,"height":1920,"url":"https:\/\/canal.ugr.es\/UGR2031\/wp-content\/uploads\/2022\/04\/MG_7702-copia.jpg","type":"image\/jpeg"}],"twitter_card":"summary_large_image","twitter_misc":{"Tiempo de lectura":"2 minutos"},"schema":{"@context":"https:\/\/schema.org","@graph":[{"@type":"WebSite","@id":"https:\/\/canal.ugr.es\/UGR2031\/#website","url":"https:\/\/canal.ugr.es\/UGR2031\/","name":"Plan Estrat\u00e9gico UGR 2031","description":"Plan estrat\u00e9gico 2031 de la Universidad de Granada","potentialAction":[{"@type":"SearchAction","target":{"@type":"EntryPoint","urlTemplate":"https:\/\/canal.ugr.es\/UGR2031\/?s={search_term_string}"},"query-input":"required name=search_term_string"}],"inLanguage":"es"},{"@type":"ImageObject","inLanguage":"es","@id":"https:\/\/canal.ugr.es\/UGR2031\/proyectos-transformadores\/#primaryimage","url":"https:\/\/canal.ugr.es\/UGR2031\/wp-content\/uploads\/2022\/04\/MG_7702-copia.jpg","contentUrl":"https:\/\/canal.ugr.es\/UGR2031\/wp-content\/uploads\/2022\/04\/MG_7702-copia.jpg","width":1280,"height":1920},{"@type":"WebPage","@id":"https:\/\/canal.ugr.es\/UGR2031\/proyectos-transformadores\/#webpage","url":"https:\/\/canal.ugr.es\/UGR2031\/proyectos-transformadores\/","name":"Proyectos transformadores - Plan Estrat\u00e9gico UGR 2031","isPartOf":{"@id":"https:\/\/canal.ugr.es\/UGR2031\/#website"},"primaryImageOfPage":{"@id":"https:\/\/canal.ugr.es\/UGR2031\/proyectos-transformadores\/#primaryimage"},"datePublished":"2022-02-21T11:35:57+00:00","dateModified":"2023-03-23T08:48:04+00:00","breadcrumb":{"@id":"https:\/\/canal.ugr.es\/UGR2031\/proyectos-transformadores\/#breadcrumb"},"inLanguage":"es","potentialAction":[{"@type":"ReadAction","target":["https:\/\/canal.ugr.es\/UGR2031\/proyectos-transformadores\/"]}]},{"@type":"BreadcrumbList","@id":"https:\/\/canal.ugr.es\/UGR2031\/proyectos-transformadores\/#breadcrumb","itemListElement":[{"@type":"ListItem","position":1,"name":"Portada","item":"https:\/\/canal.ugr.es\/UGR2031\/"},{"@type":"ListItem","position":2,"name":"Proyectos transformadores"}]}]}},"_links":{"self":[{"href":"https:\/\/canal.ugr.es\/UGR2031\/wp-json\/wp\/v2\/pages\/18","targetHints":{"allow":["GET"]}}],"collection":[{"href":"https:\/\/canal.ugr.es\/UGR2031\/wp-json\/wp\/v2\/pages"}],"about":[{"href":"https:\/\/canal.ugr.es\/UGR2031\/wp-json\/wp\/v2\/types\/page"}],"author":[{"embeddable":true,"href":"https:\/\/canal.ugr.es\/UGR2031\/wp-json\/wp\/v2\/users\/1"}],"replies":[{"embeddable":true,"href":"https:\/\/canal.ugr.es\/UGR2031\/wp-json\/wp\/v2\/comments?post=18"}],"version-history":[{"count":75,"href":"https:\/\/canal.ugr.es\/UGR2031\/wp-json\/wp\/v2\/pages\/18\/revisions"}],"predecessor-version":[{"id":6981,"href":"https:\/\/canal.ugr.es\/UGR2031\/wp-json\/wp\/v2\/pages\/18\/revisions\/6981"}],"wp:featuredmedia":[{"embeddable":true,"href":"https:\/\/canal.ugr.es\/UGR2031\/wp-json\/wp\/v2\/media\/4234"}],"wp:attachment":[{"href":"https:\/\/canal.ugr.es\/UGR2031\/wp-json\/wp\/v2\/media?parent=18"}],"wp:term":[{"taxonomy":"eje","embeddable":true,"href":"https:\/\/canal.ugr.es\/UGR2031\/wp-json\/wp\/v2\/eje?post=18"}],"curies":[{"name":"wp","href":"https:\/\/api.w.org\/{rel}","templated":true}]}}